{"id":1008,"date":"2025-02-12T20:37:25","date_gmt":"2025-02-12T19:37:25","guid":{"rendered":"https:\/\/matteiplast.it\/sostenibilidad\/"},"modified":"2026-04-14T00:45:07","modified_gmt":"2026-04-13T22:45:07","slug":"sostenibilidad","status":"publish","type":"page","link":"https:\/\/matteiplast.it\/es\/sostenibilidad\/","title":{"rendered":"Sostenibilidad"},"content":{"rendered":"<div class=\"fusion-fullwidth fullwidth-box fusion-builder-row-1 fusion-flex-container nonhundred-percent-fullwidth non-hundred-percent-height-scrolling\" style=\"--awb-border-radius-top-left:0px;--awb-border-radius-top-right:0px;--awb-border-radius-bottom-right:0px;--awb-border-radius-bottom-left:0px;--awb-padding-top:39px;--awb-padding-bottom:27px;--awb-margin-top:0px;--awb-background-color:var(--awb-custom_color_1);--awb-flex-wrap:wrap;\" ><div class=\"fusion-builder-row fusion-row fusion-flex-align-items-center fusion-flex-content-wrap\" style=\"max-width:1456px;margin-left: calc(-4% \/ 2 );margin-right: calc(-4% \/ 2 );\"><div class=\"fusion-layout-column fusion_builder_column fusion-builder-column-0 fusion_builder_column_1_2 1_2 fusion-flex-column\" style=\"--awb-bg-blend:overlay;--awb-bg-size:cover;--awb-width-large:50%;--awb-margin-top-large:0px;--awb-spacing-right-large:3.84%;--awb-margin-bottom-large:0px;--awb-spacing-left-large:3.84%;--awb-width-medium:50%;--awb-spacing-right-medium:3.84%;--awb-spacing-left-medium:3.84%;--awb-width-small:100%;--awb-spacing-right-small:1.92%;--awb-spacing-left-small:1.92%;\"><div class=\"fusion-column-wrapper fusion-flex-justify-content-flex-start fusion-content-layout-column\"><div class=\"fusion-text fusion-text-1\"><h3 class=\"fusion-responsive-typography-calculated\" style=\"--fontsize: 32; line-height: 1.2; color: var(--awb-color7);\" data-fontsize=\"32\" data-lineheight=\"38.4px\">Matteiplast: la sostenibilidad como estrella polar del recorrido empresarial<\/h3>\n<p>En Matteiplast, creemos que el \u00e9xito empresarial no solo se mide por los resultados econ\u00f3micos, sino tambi\u00e9n por el impacto positivo que podemos tener en el medio ambiente y en la comunidad.<\/p>\n<p>Nuestra visi\u00f3n se traduce en acciones concretas e innovadoras, orientadas a promover la sostenibilidad y el bienestar colectivo.<\/p>\n<div dir=\"ltr\"><\/div>\n<\/div><\/div><\/div><div class=\"fusion-layout-column fusion_builder_column fusion-builder-column-1 fusion_builder_column_1_2 1_2 fusion-flex-column\" style=\"--awb-bg-blend:overlay;--awb-bg-size:cover;--awb-width-large:50%;--awb-margin-top-large:0px;--awb-spacing-right-large:3.84%;--awb-margin-bottom-large:0px;--awb-spacing-left-large:3.84%;--awb-width-medium:50%;--awb-spacing-right-medium:3.84%;--awb-spacing-left-medium:3.84%;--awb-width-small:100%;--awb-spacing-right-small:1.92%;--awb-spacing-left-small:1.92%;\"><div class=\"fusion-column-wrapper fusion-flex-justify-content-flex-start fusion-content-layout-column\"><div class=\"fusion-image-element \" style=\"--awb-caption-title-font-family:var(--h2_typography-font-family);--awb-caption-title-font-weight:var(--h2_typography-font-weight);--awb-caption-title-font-style:var(--h2_typography-font-style);--awb-caption-title-size:var(--h2_typography-font-size);--awb-caption-title-transform:var(--h2_typography-text-transform);--awb-caption-title-line-height:var(--h2_typography-line-height);--awb-caption-title-letter-spacing:var(--h2_typography-letter-spacing);\"><span class=\" fusion-imageframe imageframe-none imageframe-1 hover-type-none\"><img decoding=\"async\" width=\"600\" height=\"450\" title=\"matteiplast-sostenibilidad-rating\" src=\"https:\/\/matteiplast.it\/wp-content\/uploads\/2025\/12\/matteiplast-sostenibilita-rating.jpg\" alt class=\"img-responsive wp-image-1010\" srcset=\"https:\/\/matteiplast.it\/wp-content\/uploads\/2025\/12\/matteiplast-sostenibilita-rating-200x150.jpg 200w, https:\/\/matteiplast.it\/wp-content\/uploads\/2025\/12\/matteiplast-sostenibilita-rating-400x300.jpg 400w, https:\/\/matteiplast.it\/wp-content\/uploads\/2025\/12\/matteiplast-sostenibilita-rating.jpg 600w\" sizes=\"(max-width: 640px) 100vw, 600px\" \/><\/span><\/div><\/div><\/div><\/div><\/div><div class=\"fusion-fullwidth fullwidth-box fusion-builder-row-2 fusion-flex-container has-pattern-background has-mask-background nonhundred-percent-fullwidth non-hundred-percent-height-scrolling\" style=\"--awb-border-radius-top-left:0px;--awb-border-radius-top-right:0px;--awb-border-radius-bottom-right:0px;--awb-border-radius-bottom-left:0px;--awb-padding-top:19px;--awb-flex-wrap:wrap;\" ><div class=\"fusion-builder-row fusion-row fusion-flex-align-items-center fusion-flex-content-wrap\" style=\"max-width:1456px;margin-left: calc(-4% \/ 2 );margin-right: calc(-4% \/ 2 );\"><div class=\"fusion-layout-column fusion_builder_column fusion-builder-column-2 fusion_builder_column_1_1 1_1 fusion-flex-column\" style=\"--awb-bg-size:cover;--awb-width-large:100%;--awb-margin-top-large:0px;--awb-spacing-right-large:1.92%;--awb-margin-bottom-large:20px;--awb-spacing-left-large:1.92%;--awb-width-medium:100%;--awb-order-medium:0;--awb-spacing-right-medium:1.92%;--awb-spacing-left-medium:1.92%;--awb-width-small:100%;--awb-order-small:0;--awb-spacing-right-small:1.92%;--awb-spacing-left-small:1.92%;\"><div class=\"fusion-column-wrapper fusion-column-has-shadow fusion-flex-justify-content-flex-start fusion-content-layout-column\"><div class=\"fusion-title title fusion-title-1 fusion-sep-none fusion-title-center fusion-title-text fusion-title-size-three\" style=\"--awb-margin-top-small:10px;--awb-margin-right-small:0px;--awb-margin-bottom-small:10px;--awb-margin-left-small:0px;\"><h3 class=\"fusion-title-heading title-heading-center fusion-responsive-typography-calculated\" style=\"font-family:&quot;Libre Franklin&quot;;font-style:normal;font-weight:400;margin:0;--fontSize:32;line-height:var(--awb-typography1-line-height);\">Son peque\u00f1os grandes gestos que cuentan una visi\u00f3n:\r\nuna industria que innova respetando el planeta, cada d\u00eda<\/h3><\/div><\/div><\/div><\/div><\/div><div class=\"fusion-fullwidth fullwidth-box fusion-builder-row-3 fusion-flex-container nonhundred-percent-fullwidth non-hundred-percent-height-scrolling\" style=\"--awb-border-radius-top-left:0px;--awb-border-radius-top-right:0px;--awb-border-radius-bottom-right:0px;--awb-border-radius-bottom-left:0px;--awb-padding-top:48px;--awb-padding-bottom:25px;--awb-margin-top:0px;--awb-background-color:var(--awb-custom_color_1);--awb-flex-wrap:wrap;\" ><div class=\"fusion-builder-row fusion-row fusion-flex-align-items-center fusion-flex-content-wrap\" style=\"max-width:1456px;margin-left: calc(-4% \/ 2 );margin-right: calc(-4% \/ 2 );\"><div class=\"fusion-layout-column fusion_builder_column fusion-builder-column-3 fusion_builder_column_1_2 1_2 fusion-flex-column\" style=\"--awb-bg-blend:overlay;--awb-bg-size:cover;--awb-width-large:50%;--awb-margin-top-large:0px;--awb-spacing-right-large:3.84%;--awb-margin-bottom-large:0px;--awb-spacing-left-large:3.84%;--awb-width-medium:50%;--awb-spacing-right-medium:3.84%;--awb-spacing-left-medium:3.84%;--awb-width-small:100%;--awb-spacing-right-small:1.92%;--awb-spacing-left-small:1.92%;\"><div class=\"fusion-column-wrapper fusion-flex-justify-content-flex-start fusion-content-layout-column\"><div class=\"fusion-image-element \" style=\"--awb-caption-title-font-family:var(--h2_typography-font-family);--awb-caption-title-font-weight:var(--h2_typography-font-weight);--awb-caption-title-font-style:var(--h2_typography-font-style);--awb-caption-title-size:var(--h2_typography-font-size);--awb-caption-title-transform:var(--h2_typography-text-transform);--awb-caption-title-line-height:var(--h2_typography-line-height);--awb-caption-title-letter-spacing:var(--h2_typography-letter-spacing);\"><span class=\" fusion-imageframe imageframe-none imageframe-2 hover-type-none\"><img decoding=\"async\" width=\"600\" height=\"450\" title=\"matteiplast-sostenibilidad-paneles-solares\" src=\"https:\/\/matteiplast.it\/wp-content\/uploads\/2025\/12\/matteiplast-sostenibilita-pannelli-solari.jpg\" alt class=\"img-responsive wp-image-1011\" srcset=\"https:\/\/matteiplast.it\/wp-content\/uploads\/2025\/12\/matteiplast-sostenibilita-pannelli-solari-200x150.jpg 200w, https:\/\/matteiplast.it\/wp-content\/uploads\/2025\/12\/matteiplast-sostenibilita-pannelli-solari-400x300.jpg 400w, https:\/\/matteiplast.it\/wp-content\/uploads\/2025\/12\/matteiplast-sostenibilita-pannelli-solari.jpg 600w\" sizes=\"(max-width: 640px) 100vw, 600px\" \/><\/span><\/div><\/div><\/div><div class=\"fusion-layout-column fusion_builder_column fusion-builder-column-4 fusion_builder_column_1_2 1_2 fusion-flex-column\" style=\"--awb-bg-blend:overlay;--awb-bg-size:cover;--awb-width-large:50%;--awb-margin-top-large:0px;--awb-spacing-right-large:3.84%;--awb-margin-bottom-large:0px;--awb-spacing-left-large:3.84%;--awb-width-medium:50%;--awb-spacing-right-medium:3.84%;--awb-spacing-left-medium:3.84%;--awb-width-small:100%;--awb-spacing-right-small:1.92%;--awb-spacing-left-small:1.92%;\"><div class=\"fusion-column-wrapper fusion-flex-justify-content-flex-start fusion-content-layout-column\"><div class=\"fusion-text fusion-text-2\"><p data-fontsize=\"32\" data-lineheight=\"38.4px\">Creemos que la <b>sostenibilidad<\/b> no es un punto de llegada, sino un camino hecho de decisiones valientes, acciones medibles y visi\u00f3n a largo plazo. Por ello, en Matteiplast, hemos\ndecidido transformar nuestro compromiso en resultados concretos.<\/p>\n<p>Hemos obtenido con orgullo la<b>  medalla de plata EcoVadis<\/b>, que nos sit\u00faa entre las empresas m\u00e1s virtuosas en el panorama de la responsabilidad ambiental, social y \u00e9tica. Junto <b>con la certificaci\u00f3n ambiental Synesgy<\/b>, hemos medido de forma cient\u00edfica nuestra huella ambiental (Scope 2), alcanzando el estatus oficial de empresa sostenible.<\/p>\n<p>Pero no nos hemos detenido aqu\u00ed. Hemos mirado al cielo, y de ah\u00ed hemos extra\u00eddo energ\u00eda: en el tejado de nuestras instalaciones se ha instalado una<b> planta fotovoltaica de 20 kW,<\/b> que alimenta, entre otras cosas, los puntos de recarga para veh\u00edculos el\u00e9ctricos a disposici\u00f3n de empleados y visitantes.<\/p>\n<p><!-- \/wp:post-content --><\/p>\n<\/div><\/div><\/div><\/div><\/div><div class=\"fusion-fullwidth fullwidth-box fusion-builder-row-4 fusion-flex-container has-pattern-background has-mask-background nonhundred-percent-fullwidth non-hundred-percent-height-scrolling\" style=\"--awb-border-radius-top-left:0px;--awb-border-radius-top-right:0px;--awb-border-radius-bottom-right:0px;--awb-border-radius-bottom-left:0px;--awb-padding-top:20px;--awb-padding-bottom:43px;--awb-margin-top:0px;--awb-background-color:var(--awb-custom_color_1);--awb-flex-wrap:wrap;\" ><div class=\"fusion-builder-row fusion-row fusion-flex-align-items-flex-start fusion-flex-content-wrap\" style=\"max-width:calc( 1400px + 15px );margin-left: calc(-15px \/ 2 );margin-right: calc(-15px \/ 2 );\"><div class=\"fusion-layout-column fusion_builder_column fusion-builder-column-5 fusion_builder_column_1_3 1_3 fusion-flex-column\" style=\"--awb-bg-size:cover;--awb-width-large:33.333333333333%;--awb-margin-top-large:0px;--awb-spacing-right-large:7.5px;--awb-margin-bottom-large:20px;--awb-spacing-left-large:7.5px;--awb-width-medium:33.333333333333%;--awb-order-medium:0;--awb-spacing-right-medium:7.5px;--awb-spacing-left-medium:7.5px;--awb-width-small:100%;--awb-order-small:0;--awb-spacing-right-small:7.5px;--awb-spacing-left-small:7.5px;\"><div class=\"fusion-column-wrapper fusion-column-has-shadow fusion-flex-justify-content-flex-start fusion-content-layout-column\"><div class=\"fusion-image-element \" style=\"--awb-max-width:350px;--awb-caption-title-font-family:var(--h2_typography-font-family);--awb-caption-title-font-weight:var(--h2_typography-font-weight);--awb-caption-title-font-style:var(--h2_typography-font-style);--awb-caption-title-size:var(--h2_typography-font-size);--awb-caption-title-transform:var(--h2_typography-text-transform);--awb-caption-title-line-height:var(--h2_typography-line-height);--awb-caption-title-letter-spacing:var(--h2_typography-letter-spacing);\"><span class=\" fusion-imageframe imageframe-none imageframe-3 hover-type-none\"><img decoding=\"async\" width=\"350\" height=\"893\" title=\"sostenibilidad-agenda-onu-matteiplast\" src=\"https:\/\/matteiplast.it\/wp-content\/uploads\/2025\/12\/sostenibilita-agenda-onu-matteiplast-2.png\" alt class=\"img-responsive wp-image-1012\" srcset=\"https:\/\/matteiplast.it\/wp-content\/uploads\/2025\/12\/sostenibilita-agenda-onu-matteiplast-2-200x510.png 200w, https:\/\/matteiplast.it\/wp-content\/uploads\/2025\/12\/sostenibilita-agenda-onu-matteiplast-2.png 350w\" sizes=\"(max-width: 640px) 100vw, 350px\" \/><\/span><\/div><\/div><\/div><div class=\"fusion-layout-column fusion_builder_column fusion-builder-column-6 fusion_builder_column_2_3 2_3 fusion-flex-column\" style=\"--awb-padding-top:20px;--awb-padding-right:20px;--awb-padding-left:20px;--awb-bg-color:var(--awb-color1);--awb-bg-color-hover:var(--awb-color1);--awb-bg-size:cover;--awb-width-large:66.666666666667%;--awb-margin-top-large:0px;--awb-spacing-right-large:7.5px;--awb-margin-bottom-large:20px;--awb-spacing-left-large:7.5px;--awb-width-medium:66.666666666667%;--awb-order-medium:0;--awb-spacing-right-medium:7.5px;--awb-spacing-left-medium:7.5px;--awb-width-small:100%;--awb-order-small:0;--awb-spacing-right-small:7.5px;--awb-spacing-left-small:7.5px;\"><div class=\"fusion-column-wrapper fusion-column-has-shadow fusion-flex-justify-content-flex-start fusion-content-layout-column\"><div class=\"fusion-content-boxes content-boxes columns row fusion-columns-1 fusion-columns-total-1 fusion-content-boxes-1 content-boxes-icon-on-side content-left\" style=\"--awb-margin-bottom:-20px;--awb-hover-accent-color:var(--awb-color4);--awb-circle-hover-accent-color:var(--awb-color4);--awb-item-margin-bottom:40px;\" data-animationOffset=\"top-into-view\"><div style=\"--awb-backgroundcolor:rgba(255,255,255,0);\" class=\"fusion-column content-box-column content-box-column content-box-column-1 col-lg-12 col-md-12 col-sm-12 fusion-content-box-hover content-box-column-last content-box-column-last-in-row\"><div class=\"col content-box-wrapper content-wrapper link-area-link-icon content-icon-wrapper-yes icon-hover-animation-fade\" data-animationOffset=\"top-into-view\"><div class=\"heading icon-left\"><h2 class=\"content-box-heading fusion-responsive-typography-calculated\" style=\"--h2_typography-font-size:24px;--fontSize:24;line-height:var(--awb-typography1-line-height);\">2. Actividades sociales y comunitarias<\/h2><\/div><div class=\"fusion-clearfix\"><\/div><div class=\"content-container\">\r\n\r\nEstamos profundamente comprometidos con el apoyo a la comunidad a trav\u00e9s de iniciativas sociales significativas. Un ejemplo concreto es la organizaci\u00f3n de actividades de team building en la Mensa Francescana del Antoniano de Bolonia, donde nuestros empleados han ofrecido apoyo directo a quienes se encuentran en dificultades. Creemos firmemente que cada gesto, por peque\u00f1o que sea, puede contribuir a crear una sociedad m\u00e1s equitativa y solidaria.\r\n\r\n<\/div><\/div><\/div><div class=\"fusion-clearfix\"><\/div><\/div><div class=\"fusion-content-boxes content-boxes columns row fusion-columns-1 fusion-columns-total-1 fusion-content-boxes-2 content-boxes-icon-on-side content-left\" style=\"--awb-margin-bottom:-20px;--awb-hover-accent-color:var(--awb-color4);--awb-circle-hover-accent-color:var(--awb-color4);--awb-item-margin-bottom:40px;\" data-animationOffset=\"top-into-view\"><div style=\"--awb-backgroundcolor:rgba(255,255,255,0);\" class=\"fusion-column content-box-column content-box-column content-box-column-1 col-lg-12 col-md-12 col-sm-12 fusion-content-box-hover content-box-column-last content-box-column-last-in-row\"><div class=\"col content-box-wrapper content-wrapper link-area-link-icon content-icon-wrapper-yes icon-hover-animation-fade\" data-animationOffset=\"top-into-view\"><div class=\"heading icon-left\"><h2 class=\"content-box-heading fusion-responsive-typography-calculated\" style=\"--h2_typography-font-size:24px;--fontSize:24;line-height:var(--awb-typography1-line-height);\">3. 8. Bienestar empresarial<\/h2><\/div><div class=\"fusion-clearfix\"><\/div><div class=\"content-container\">El bienestar de nuestros empleados es una prioridad absoluta. Por este motivo, hemos implementado un programa de bienestar empresarial que incluye un seguro sanitario premium (Unipol Salute Oro), extendido tambi\u00e9n a las familias de nuestros colaboradores. Este proyecto no solo garantiza el acceso a cuidados sanitarios de alta calidad, sino que promueve un entorno laboral sereno y motivador. Invertir en el bienestar de las personas significa construir una base s\u00f3lida para el \u00e9xito colectivo.<\/div><\/div><\/div><div class=\"fusion-clearfix\"><\/div><\/div><div class=\"fusion-content-boxes content-boxes columns row fusion-columns-1 fusion-columns-total-1 fusion-content-boxes-3 content-boxes-icon-on-side content-left\" style=\"--awb-margin-bottom:-20px;--awb-hover-accent-color:var(--awb-color4);--awb-circle-hover-accent-color:var(--awb-color4);--awb-item-margin-bottom:40px;\" data-animationOffset=\"top-into-view\"><div style=\"--awb-backgroundcolor:rgba(255,255,255,0);\" class=\"fusion-column content-box-column content-box-column content-box-column-1 col-lg-12 col-md-12 col-sm-12 fusion-content-box-hover content-box-column-last content-box-column-last-in-row\"><div class=\"col content-box-wrapper content-wrapper link-area-link-icon content-icon-wrapper-yes icon-hover-animation-fade\" data-animationOffset=\"top-into-view\"><div class=\"heading icon-left\"><h2 class=\"content-box-heading fusion-responsive-typography-calculated\" style=\"--h2_typography-font-size:24px;--fontSize:24;line-height:var(--awb-typography1-line-height);\">7. Energ\u00eda sostenible<\/h2><\/div><div class=\"fusion-clearfix\"><\/div><div class=\"content-container\">Hemos emprendido un camino ambicioso hacia la autosuficiencia energ\u00e9tica con la instalaci\u00f3n de paneles fotovoltaicos que alimentan dos puntos de recarga e implementan las necesidades energ\u00e9ticas productivas. Esta iniciativa no solo reduce significativamente las emisiones de CO2, sino que tambi\u00e9n representa un paso fundamental hacia un futuro m\u00e1s verde y sostenible. La energ\u00eda solar nos permite minimizar nuestro impacto ambiental, demostrando que la tecnolog\u00eda puede estar al servicio de la naturaleza.<\/div><\/div><\/div><div class=\"fusion-clearfix\"><\/div><\/div><div class=\"fusion-content-boxes content-boxes columns row fusion-columns-1 fusion-columns-total-1 fusion-content-boxes-4 content-boxes-icon-on-side content-left\" style=\"--awb-margin-bottom:-20px;--awb-hover-accent-color:var(--awb-color4);--awb-circle-hover-accent-color:var(--awb-color4);--awb-item-margin-bottom:40px;\" data-animationOffset=\"top-into-view\"><div style=\"--awb-backgroundcolor:rgba(255,255,255,0);\" class=\"fusion-column content-box-column content-box-column content-box-column-1 col-lg-12 col-md-12 col-sm-12 fusion-content-box-hover content-box-column-last content-box-column-last-in-row\"><div class=\"col content-box-wrapper content-wrapper link-area-link-icon content-icon-wrapper-yes icon-hover-animation-fade\" data-animationOffset=\"top-into-view\"><div class=\"heading icon-left\"><h2 class=\"content-box-heading fusion-responsive-typography-calculated\" style=\"--h2_typography-font-size:24px;--fontSize:24;line-height:var(--awb-typography1-line-height);\">9. Innovaci\u00f3n y proyectos futuros<\/h2><\/div><div class=\"fusion-clearfix\"><\/div><div class=\"content-container\">\r\n\r\nMiramos al futuro con determinaci\u00f3n. Estamos explorando nuevas soluciones para reducir a\u00fan m\u00e1s nuestro impacto ambiental, como la introducci\u00f3n de materiales reciclados en nuestros procesos productivos y la colaboraci\u00f3n con socios locales para proyectos de econom\u00eda circular. Adem\u00e1s, involucramos activamente a nuestros empleados en desaf\u00edos sostenibles, incentiv\u00e1ndolos a proponer ideas innovadoras para mejorar nuestra huella ecol\u00f3gica.\r\n\r\n<\/div><\/div><\/div><div class=\"fusion-clearfix\"><\/div><\/div><div class=\"fusion-content-boxes content-boxes columns row fusion-columns-1 fusion-columns-total-1 fusion-content-boxes-5 content-boxes-icon-on-side content-left\" style=\"--awb-margin-bottom:-20px;--awb-hover-accent-color:var(--awb-color4);--awb-circle-hover-accent-color:var(--awb-color4);--awb-item-margin-bottom:40px;\" data-animationOffset=\"top-into-view\"><div style=\"--awb-backgroundcolor:rgba(255,255,255,0);\" class=\"fusion-column content-box-column content-box-column content-box-column-1 col-lg-12 col-md-12 col-sm-12 fusion-content-box-hover content-box-column-last content-box-column-last-in-row\"><div class=\"col content-box-wrapper content-wrapper link-area-link-icon content-icon-wrapper-yes icon-hover-animation-fade\" data-animationOffset=\"top-into-view\"><div class=\"heading icon-left\"><h2 class=\"content-box-heading fusion-responsive-typography-calculated\" style=\"--h2_typography-font-size:24px;--fontSize:24;line-height:var(--awb-typography1-line-height);\">17. Compromiso constante<\/h2><\/div><div class=\"fusion-clearfix\"><\/div><div class=\"content-container\">\r\n\r\nLa sostenibilidad no es solo un objetivo; es parte integrante de nuestra identidad empresarial. Cada proyecto emprendido por Matteiplast refleja nuestro compromiso hacia un mundo mejor, donde el progreso econ\u00f3mico se acompa\u00f1a de la responsabilidad ambiental y social.\r\n\r\n<\/div><\/div><\/div><div class=\"fusion-clearfix\"><\/div><\/div><\/div><\/div><\/div><\/div><!-- \/wp:freeform -->","protected":false},"excerpt":{"rendered":"","protected":false},"author":1,"featured_media":1009,"parent":0,"menu_order":0,"comment_status":"closed","ping_status":"closed","template":"100-width.php","meta":{"footnotes":""},"class_list":["post-1008","page","type-page","status-publish","has-post-thumbnail","hentry"],"_links":{"self":[{"href":"https:\/\/matteiplast.it\/es\/wp-json\/wp\/v2\/pages\/1008","targetHints":{"allow":["GET"]}}],"collection":[{"href":"https:\/\/matteiplast.it\/es\/wp-json\/wp\/v2\/pages"}],"about":[{"href":"https:\/\/matteiplast.it\/es\/wp-json\/wp\/v2\/types\/page"}],"author":[{"embeddable":true,"href":"https:\/\/matteiplast.it\/es\/wp-json\/wp\/v2\/users\/1"}],"replies":[{"embeddable":true,"href":"https:\/\/matteiplast.it\/es\/wp-json\/wp\/v2\/comments?post=1008"}],"version-history":[{"count":5,"href":"https:\/\/matteiplast.it\/es\/wp-json\/wp\/v2\/pages\/1008\/revisions"}],"predecessor-version":[{"id":1024,"href":"https:\/\/matteiplast.it\/es\/wp-json\/wp\/v2\/pages\/1008\/revisions\/1024"}],"wp:featuredmedia":[{"embeddable":true,"href":"https:\/\/matteiplast.it\/es\/wp-json\/wp\/v2\/media\/1009"}],"wp:attachment":[{"href":"https:\/\/matteiplast.it\/es\/wp-json\/wp\/v2\/media?parent=1008"}],"curies":[{"name":"wp","href":"https:\/\/api.w.org\/{rel}","templated":true}]}}