{"id":846,"date":"2025-06-20T15:39:31","date_gmt":"2025-06-20T13:39:31","guid":{"rendered":"https:\/\/matteiplast.it\/embalajes-industriales\/"},"modified":"2026-04-14T00:43:05","modified_gmt":"2026-04-13T22:43:05","slug":"embalajes-industriales","status":"publish","type":"page","link":"https:\/\/matteiplast.it\/es\/embalajes-industriales\/","title":{"rendered":"Embalajes industriales"},"content":{"rendered":"<div class=\"fusion-fullwidth fullwidth-box fusion-builder-row-1 fusion-flex-container has-pattern-background has-mask-background nonhundred-percent-fullwidth non-hundred-percent-height-scrolling\" style=\"--awb-border-radius-top-left:0px;--awb-border-radius-top-right:0px;--awb-border-radius-bottom-right:0px;--awb-border-radius-bottom-left:0px;--awb-padding-top:50px;--awb-background-color:var(--awb-custom_color_1);--awb-flex-wrap:wrap;\" ><div class=\"fusion-builder-row fusion-row fusion-flex-align-items-stretch fusion-flex-justify-content-center fusion-flex-content-wrap\" style=\"max-width:1456px;margin-left: calc(-4% \/ 2 );margin-right: calc(-4% \/ 2 );\"><div class=\"fusion-layout-column fusion_builder_column fusion-builder-column-0 fusion_builder_column_1_2 1_2 fusion-flex-column\" style=\"--awb-padding-top:20px;--awb-padding-right:20px;--awb-padding-bottom:20px;--awb-padding-left:20px;--awb-overflow:hidden;--awb-bg-color:var(--awb-color1);--awb-bg-color-hover:var(--awb-color2);--awb-bg-size:cover;--awb-border-radius:0px 00px 0px 0px;--awb-width-large:50%;--awb-margin-top-large:0px;--awb-spacing-right-large:3.84%;--awb-margin-bottom-large:20px;--awb-spacing-left-large:3.84%;--awb-width-medium:50%;--awb-order-medium:0;--awb-spacing-right-medium:3.84%;--awb-spacing-left-medium:3.84%;--awb-width-small:100%;--awb-order-small:0;--awb-spacing-right-small:1.92%;--awb-spacing-left-small:1.92%;\"><div class=\"fusion-column-wrapper fusion-column-has-shadow fusion-flex-justify-content-space-between fusion-content-layout-column\"><div class=\"fusion-content-boxes content-boxes columns row fusion-columns-1 fusion-columns-total-1 fusion-content-boxes-1 content-boxes-icon-with-title content-left\" style=\"--awb-margin-bottom:0px;--awb-hover-accent-color:var(--awb-color4);--awb-circle-hover-accent-color:var(--awb-color4);--awb-item-margin-bottom:40px;\" data-animationOffset=\"top-into-view\"><div style=\"--awb-backgroundcolor:rgba(255,255,255,0);\" class=\"fusion-column content-box-column content-box-column content-box-column-1 col-lg-12 col-md-12 col-sm-12 fusion-content-box-hover content-box-column-last content-box-column-last-in-row\"><div class=\"col content-box-wrapper content-wrapper link-area-link-icon content-icon-wrapper-yes icon-hover-animation-fade\" data-animationOffset=\"top-into-view\"><div class=\"heading icon-left\"><h3 class=\"content-box-heading fusion-responsive-typography-calculated\" style=\"--h3_typography-font-size:36px;--fontSize:36;line-height:var(--awb-typography1-line-height);\">Bobinas termorretr\u00e1ctiles<\/h3><\/div><div class=\"fusion-clearfix\"><\/div><div class=\"content-container\">\n<p>Las bobinas termorretr\u00e1ctiles se utilizan en diversos sectores para la protecci\u00f3n de productos industriales y alimentarios; se pueden fabricar en baja densidad (LDPE) y alta densidad (HDPE), y est\u00e1n disponibles en varios espesores, colores y di\u00e1metros. Adem\u00e1s, pueden ser microperforadas con coextrusi\u00f3n de cinco capas.<\/p>\n<\/div><\/div><\/div><div class=\"fusion-clearfix\"><\/div><\/div><div class=\"fusion-slider-sc\"><div class=\"fusion-flexslider-loading flexslider flexslider-hover-type-none\" data-slideshow_autoplay=\"1\" data-slideshow_smooth_height=\"0\" data-slideshow_speed=\"3000\" style=\"max-width:100%;height:100%;\"><ul class=\"slides\"><li class=\"image\"><span class=\"fusion-image-hover-element hover-type-none\"><img decoding=\"async\" src=\"https:\/\/matteiplast.it\/wp-content\/uploads\/2025\/06\/Matteiplast-imballaggi-industriali-bobine.jpg\" width=\"750\" height=\"504\" class=\"wp-image-464\" srcset=\"https:\/\/matteiplast.it\/wp-content\/uploads\/2025\/06\/Matteiplast-imballaggi-industriali-bobine-200x134.jpg 200w, https:\/\/matteiplast.it\/wp-content\/uploads\/2025\/06\/Matteiplast-imballaggi-industriali-bobine-400x269.jpg 400w, https:\/\/matteiplast.it\/wp-content\/uploads\/2025\/06\/Matteiplast-imballaggi-industriali-bobine-600x403.jpg 600w, https:\/\/matteiplast.it\/wp-content\/uploads\/2025\/06\/Matteiplast-imballaggi-industriali-bobine.jpg 750w\" sizes=\"(max-width: 640px) 100vw, 750px\" \/><\/span><\/li><\/ul><\/div><\/div><\/div><\/div><div class=\"fusion-layout-column fusion_builder_column fusion-builder-column-1 fusion_builder_column_1_2 1_2 fusion-flex-column\" style=\"--awb-padding-top:20px;--awb-padding-right:20px;--awb-padding-bottom:20px;--awb-padding-left:20px;--awb-bg-color:var(--awb-color1);--awb-bg-color-hover:var(--awb-color1);--awb-bg-size:cover;--awb-width-large:50%;--awb-margin-top-large:0px;--awb-spacing-right-large:3.84%;--awb-margin-bottom-large:20px;--awb-spacing-left-large:3.84%;--awb-width-medium:50%;--awb-order-medium:0;--awb-spacing-right-medium:3.84%;--awb-spacing-left-medium:3.84%;--awb-width-small:100%;--awb-order-small:0;--awb-spacing-right-small:1.92%;--awb-spacing-left-small:1.92%;\"><div class=\"fusion-column-wrapper fusion-column-has-shadow fusion-flex-justify-content-space-between fusion-content-layout-column\"><div class=\"fusion-content-boxes content-boxes columns row fusion-columns-1 fusion-columns-total-1 fusion-content-boxes-2 content-boxes-icon-with-title content-left\" style=\"--awb-margin-bottom:0px;--awb-hover-accent-color:var(--awb-color4);--awb-circle-hover-accent-color:var(--awb-color4);--awb-item-margin-bottom:40px;\" data-animationOffset=\"top-into-view\"><div style=\"--awb-backgroundcolor:rgba(255,255,255,0);\" class=\"fusion-column content-box-column content-box-column content-box-column-1 col-lg-12 col-md-12 col-sm-12 fusion-content-box-hover content-box-column-last content-box-column-last-in-row\"><div class=\"col content-box-wrapper content-wrapper link-area-link-icon content-icon-wrapper-yes icon-hover-animation-fade\" data-animationOffset=\"top-into-view\"><div class=\"heading icon-left\"><h3 class=\"content-box-heading fusion-responsive-typography-calculated\" style=\"--h3_typography-font-size:36px;--fontSize:36;line-height:var(--awb-typography1-line-height);\">Film estirable<\/h3><\/div><div class=\"fusion-clearfix\"><\/div><div class=\"content-container\">\n<p>El film estirable manual o autom\u00e1tico se utiliza para envolver materiales y pal\u00e9s, y est\u00e1 disponible en diferentes espesores y colores.<\/p>\n<\/div><\/div><\/div><div class=\"fusion-clearfix\"><\/div><\/div><div class=\"fusion-slider-sc\"><div class=\"fusion-flexslider-loading flexslider flexslider-hover-type-none\" data-slideshow_autoplay=\"1\" data-slideshow_smooth_height=\"0\" data-slideshow_speed=\"7000\" style=\"max-width:100%;height:100%;\"><ul class=\"slides\"><li class=\"image\"><span class=\"fusion-image-hover-element hover-type-none\"><img decoding=\"async\" src=\"https:\/\/matteiplast.it\/wp-content\/uploads\/2025\/06\/Matteiplast-imballaggi-industriali-estensibile.jpg\" width=\"750\" height=\"504\" class=\"wp-image-466\" srcset=\"https:\/\/matteiplast.it\/wp-content\/uploads\/2025\/06\/Matteiplast-imballaggi-industriali-estensibile-200x134.jpg 200w, https:\/\/matteiplast.it\/wp-content\/uploads\/2025\/06\/Matteiplast-imballaggi-industriali-estensibile-400x269.jpg 400w, https:\/\/matteiplast.it\/wp-content\/uploads\/2025\/06\/Matteiplast-imballaggi-industriali-estensibile-600x403.jpg 600w, https:\/\/matteiplast.it\/wp-content\/uploads\/2025\/06\/Matteiplast-imballaggi-industriali-estensibile.jpg 750w\" sizes=\"(max-width: 640px) 100vw, 750px\" \/><\/span><\/li><\/ul><\/div><\/div><\/div><\/div><div class=\"fusion-layout-column fusion_builder_column fusion-builder-column-2 fusion_builder_column_1_2 1_2 fusion-flex-column\" style=\"--awb-padding-top:20px;--awb-padding-right:20px;--awb-padding-bottom:20px;--awb-padding-left:20px;--awb-bg-color:var(--awb-color1);--awb-bg-color-hover:var(--awb-color1);--awb-bg-size:cover;--awb-width-large:50%;--awb-margin-top-large:0px;--awb-spacing-right-large:3.84%;--awb-margin-bottom-large:20px;--awb-spacing-left-large:3.84%;--awb-width-medium:50%;--awb-order-medium:0;--awb-spacing-right-medium:3.84%;--awb-spacing-left-medium:3.84%;--awb-width-small:100%;--awb-order-small:0;--awb-spacing-right-small:1.92%;--awb-spacing-left-small:1.92%;\"><div class=\"fusion-column-wrapper fusion-column-has-shadow fusion-flex-justify-content-flex-start fusion-content-layout-column\"><div class=\"fusion-content-boxes content-boxes columns row fusion-columns-1 fusion-columns-total-1 fusion-content-boxes-3 content-boxes-icon-with-title content-left\" style=\"--awb-margin-bottom:0px;--awb-hover-accent-color:var(--awb-color4);--awb-circle-hover-accent-color:var(--awb-color4);--awb-item-margin-bottom:40px;\" data-animationOffset=\"top-into-view\"><div style=\"--awb-backgroundcolor:rgba(255,255,255,0);\" class=\"fusion-column content-box-column content-box-column content-box-column-1 col-lg-12 col-md-12 col-sm-12 fusion-content-box-hover content-box-column-last content-box-column-last-in-row\"><div class=\"col content-box-wrapper content-wrapper link-area-link-icon content-icon-wrapper-yes icon-hover-animation-fade\" data-animationOffset=\"top-into-view\"><div class=\"heading icon-left\"><h3 class=\"content-box-heading fusion-responsive-typography-calculated\" style=\"--h3_typography-font-size:36px;--fontSize:36;line-height:var(--awb-typography1-line-height);\">Pl\u00e1stico de burbujas y espuma<\/h3><\/div><div class=\"fusion-clearfix\"><\/div><div class=\"content-container\">\n<p>El pl\u00e1stico de burbujas o film alveolar y la espuma de polietileno est\u00e1n disponibles en bobina o en formato con capa de alta densidad (HD) con funci\u00f3n antirrayaduras para evitar marcas en piezas pintadas o impresas.<\/p>\n<\/div><\/div><\/div><div class=\"fusion-clearfix\"><\/div><\/div><div class=\"fusion-slider-sc\"><div class=\"fusion-flexslider-loading flexslider flexslider-hover-type-none\" data-slideshow_autoplay=\"1\" data-slideshow_smooth_height=\"0\" data-slideshow_speed=\"3000\" style=\"max-width:100%;height:100%;\"><ul class=\"slides\"><li class=\"image\"><span class=\"fusion-image-hover-element hover-type-none\"><img decoding=\"async\" src=\"https:\/\/matteiplast.it\/wp-content\/uploads\/2025\/06\/Matteiplast-pluriball.jpg\" width=\"750\" height=\"504\" class=\"wp-image-465\" srcset=\"https:\/\/matteiplast.it\/wp-content\/uploads\/2025\/06\/Matteiplast-pluriball-200x134.jpg 200w, https:\/\/matteiplast.it\/wp-content\/uploads\/2025\/06\/Matteiplast-pluriball-400x269.jpg 400w, https:\/\/matteiplast.it\/wp-content\/uploads\/2025\/06\/Matteiplast-pluriball-600x403.jpg 600w, https:\/\/matteiplast.it\/wp-content\/uploads\/2025\/06\/Matteiplast-pluriball.jpg 750w\" sizes=\"(max-width: 640px) 100vw, 750px\" \/><\/span><\/li><li class=\"image\"><span class=\"fusion-image-hover-element hover-type-none\"><img decoding=\"async\" src=\"https:\/\/matteiplast.it\/wp-content\/uploads\/2025\/06\/Matteiplast-imballaggi-industriali-Pluriball-Espanso.jpg\" width=\"750\" height=\"504\" class=\"wp-image-469\" srcset=\"https:\/\/matteiplast.it\/wp-content\/uploads\/2025\/06\/Matteiplast-imballaggi-industriali-Pluriball-Espanso-200x134.jpg 200w, https:\/\/matteiplast.it\/wp-content\/uploads\/2025\/06\/Matteiplast-imballaggi-industriali-Pluriball-Espanso-400x269.jpg 400w, https:\/\/matteiplast.it\/wp-content\/uploads\/2025\/06\/Matteiplast-imballaggi-industriali-Pluriball-Espanso-600x403.jpg 600w, https:\/\/matteiplast.it\/wp-content\/uploads\/2025\/06\/Matteiplast-imballaggi-industriali-Pluriball-Espanso.jpg 750w\" sizes=\"(max-width: 640px) 100vw, 750px\" \/><\/span><\/li><\/ul><\/div><\/div><\/div><\/div><div class=\"fusion-layout-column fusion_builder_column fusion-builder-column-3 fusion_builder_column_1_2 1_2 fusion-flex-column\" style=\"--awb-padding-top:20px;--awb-padding-right:20px;--awb-padding-bottom:20px;--awb-padding-left:20px;--awb-bg-color:var(--awb-color1);--awb-bg-color-hover:var(--awb-color1);--awb-bg-size:cover;--awb-width-large:50%;--awb-margin-top-large:0px;--awb-spacing-right-large:3.84%;--awb-margin-bottom-large:20px;--awb-spacing-left-large:3.84%;--awb-width-medium:50%;--awb-order-medium:0;--awb-spacing-right-medium:3.84%;--awb-spacing-left-medium:3.84%;--awb-width-small:100%;--awb-order-small:0;--awb-spacing-right-small:1.92%;--awb-spacing-left-small:1.92%;\"><div class=\"fusion-column-wrapper fusion-column-has-shadow fusion-flex-justify-content-space-between fusion-content-layout-column\"><div class=\"fusion-content-boxes content-boxes columns row fusion-columns-1 fusion-columns-total-1 fusion-content-boxes-4 content-boxes-icon-with-title content-left\" style=\"--awb-margin-bottom:0px;--awb-hover-accent-color:var(--awb-color4);--awb-circle-hover-accent-color:var(--awb-color4);--awb-item-margin-bottom:40px;\" data-animationOffset=\"top-into-view\"><div style=\"--awb-backgroundcolor:rgba(255,255,255,0);\" class=\"fusion-column content-box-column content-box-column content-box-column-1 col-lg-12 col-md-12 col-sm-12 fusion-content-box-hover content-box-column-last content-box-column-last-in-row\"><div class=\"col content-box-wrapper content-wrapper link-area-link-icon content-icon-wrapper-yes icon-hover-animation-fade\" data-animationOffset=\"top-into-view\"><div class=\"heading icon-left\"><h3 class=\"content-box-heading fusion-responsive-typography-calculated\" style=\"--h3_typography-font-size:36px;--fontSize:36;line-height:var(--awb-typography1-line-height);\">Fundas<\/h3><\/div><div class=\"fusion-clearfix\"><\/div><div class=\"content-container\">\n<p>Las fundas de PE pueden fabricarse en baja densidad (LDPE) o en alta densidad (HDPE), y son personalizables seg\u00fan formato, espesor y color. Disponen de fuelles laterales para una mayor profundidad; tambi\u00e9n pueden ser termorretr\u00e1ctiles y presoldadas con precorte en bobina o en formato, dispuestas en caja o sobre pal\u00e9.<\/p>\n<\/div><\/div><\/div><div class=\"fusion-clearfix\"><\/div><\/div><div class=\"fusion-slider-sc\"><div class=\"fusion-flexslider-loading flexslider flexslider-hover-type-none\" data-slideshow_autoplay=\"1\" data-slideshow_smooth_height=\"0\" data-slideshow_speed=\"7000\" style=\"max-width:100%;height:100%;\"><ul class=\"slides\"><li class=\"image\"><span class=\"fusion-image-hover-element hover-type-none\"><img decoding=\"async\" src=\"https:\/\/matteiplast.it\/wp-content\/uploads\/2025\/06\/Matteiplast-imballaggi-industriali-cappucci.jpg\" width=\"750\" height=\"504\" class=\"wp-image-470\" srcset=\"https:\/\/matteiplast.it\/wp-content\/uploads\/2025\/06\/Matteiplast-imballaggi-industriali-cappucci-200x134.jpg 200w, https:\/\/matteiplast.it\/wp-content\/uploads\/2025\/06\/Matteiplast-imballaggi-industriali-cappucci-400x269.jpg 400w, https:\/\/matteiplast.it\/wp-content\/uploads\/2025\/06\/Matteiplast-imballaggi-industriali-cappucci-600x403.jpg 600w, https:\/\/matteiplast.it\/wp-content\/uploads\/2025\/06\/Matteiplast-imballaggi-industriali-cappucci.jpg 750w\" sizes=\"(max-width: 640px) 100vw, 750px\" \/><\/span><\/li><\/ul><\/div><\/div><\/div><\/div><div class=\"fusion-layout-column fusion_builder_column fusion-builder-column-4 fusion_builder_column_1_1 1_1 fusion-flex-column\" style=\"--awb-bg-size:cover;--awb-width-large:100%;--awb-margin-top-large:36px;--awb-spacing-right-large:1.92%;--awb-margin-bottom-large:38px;--awb-spacing-left-large:1.92%;--awb-width-medium:100%;--awb-order-medium:0;--awb-spacing-right-medium:1.92%;--awb-spacing-left-medium:1.92%;--awb-width-small:100%;--awb-order-small:0;--awb-spacing-right-small:1.92%;--awb-spacing-left-small:1.92%;\"><div class=\"fusion-column-wrapper fusion-column-has-shadow fusion-flex-justify-content-flex-start fusion-content-layout-column\"><div style=\"text-align:center;\"><a class=\"fusion-button button-flat fusion-button-default-size button-default fusion-button-default button-1 fusion-button-default-span fusion-button-default-type\" style=\"--button-border-radius-top-left:10px;--button-border-radius-bottom-right:10px;\" target=\"_self\" href=\"https:\/\/matteiplast.it\/contatti\/\"><span class=\"fusion-button-text awb-button__text awb-button__text--default\">Solicite un presupuesto<\/span><\/a><\/div><\/div><\/div><\/div><\/div>\n","protected":false},"excerpt":{"rendered":"","protected":false},"author":1,"featured_media":847,"parent":0,"menu_order":0,"comment_status":"closed","ping_status":"closed","template":"100-width.php","meta":{"footnotes":""},"class_list":["post-846","page","type-page","status-publish","has-post-thumbnail","hentry"],"_links":{"self":[{"href":"https:\/\/matteiplast.it\/es\/wp-json\/wp\/v2\/pages\/846","targetHints":{"allow":["GET"]}}],"collection":[{"href":"https:\/\/matteiplast.it\/es\/wp-json\/wp\/v2\/pages"}],"about":[{"href":"https:\/\/matteiplast.it\/es\/wp-json\/wp\/v2\/types\/page"}],"author":[{"embeddable":true,"href":"https:\/\/matteiplast.it\/es\/wp-json\/wp\/v2\/users\/1"}],"replies":[{"embeddable":true,"href":"https:\/\/matteiplast.it\/es\/wp-json\/wp\/v2\/comments?post=846"}],"version-history":[{"count":6,"href":"https:\/\/matteiplast.it\/es\/wp-json\/wp\/v2\/pages\/846\/revisions"}],"predecessor-version":[{"id":885,"href":"https:\/\/matteiplast.it\/es\/wp-json\/wp\/v2\/pages\/846\/revisions\/885"}],"wp:featuredmedia":[{"embeddable":true,"href":"https:\/\/matteiplast.it\/es\/wp-json\/wp\/v2\/media\/847"}],"wp:attachment":[{"href":"https:\/\/matteiplast.it\/es\/wp-json\/wp\/v2\/media?parent=846"}],"curies":[{"name":"wp","href":"https:\/\/api.w.org\/{rel}","templated":true}]}}