{"id":897,"date":"2026-01-12T13:53:40","date_gmt":"2026-01-12T12:53:40","guid":{"rendered":"https:\/\/matteiplast.it\/politica-de-cookies\/"},"modified":"2026-01-12T13:53:40","modified_gmt":"2026-01-12T12:53:40","slug":"politica-de-cookies","status":"publish","type":"page","link":"https:\/\/matteiplast.it\/es\/politica-de-cookies\/","title":{"rendered":"Pol\u00edtica de Cookies"},"content":{"rendered":"<h1 data-start=\"277\" data-end=\"292\"><\/h1>\n<p data-start=\"294\" data-end=\"482\">La presente Pol\u00edtica de Cookies se refiere al sitio web <strong data-start=\"343\" data-end=\"365\"><a class=\"decorated-link\" href=\"http:\/\/www.matteiplast.it\" target=\"_new\" rel=\"noopener\" data-start=\"345\" data-end=\"363\">www.matteiplast.it<\/a><\/strong> y est\u00e1 redactada conforme a la normativa vigente en materia de protecci\u00f3n de datos personales y uso de cookies.<\/p>\n<h3 data-start=\"484\" data-end=\"510\">1. Qu\u00e9 son las cookies<\/h3>\n<p data-start=\"511\" data-end=\"730\">Las cookies son peque\u00f1os archivos de texto que los sitios visitados por el usuario env\u00edan a su dispositivo (ordenador, tableta, smartphone), donde se almacenan para ser retransmitidos a los mismos sitios en la siguiente visita.<\/p>\n<h3 data-start=\"732\" data-end=\"770\">2. Tipos de cookies utilizadas<\/h3>\n<p data-start=\"772\" data-end=\"823\">El sitio <strong data-start=\"780\" data-end=\"798\">matteiplast.it<\/strong> utiliza exclusivamente:<\/p>\n<h4 data-start=\"825\" data-end=\"845\">Cookies t\u00e9cnicas<\/h4>\n<p data-start=\"846\" data-end=\"1016\">Cookies necesarias para el correcto funcionamiento del sitio y para la gesti\u00f3n del consentimiento a trav\u00e9s de la plataforma Cookiebot.<br data-start=\"960\" data-end=\"963\">Estas cookies no requieren el consentimiento del usuario.<\/p>\n<h4 data-start=\"1018\" data-end=\"1056\">Cookies de estad\u00edstica (Analytics)<\/h4>\n<p data-start=\"1057\" data-end=\"1233\">El sitio utiliza <strong data-start=\"1074\" data-end=\"1115\"><span class=\"hover:entity-accent entity-underline inline cursor-pointer align-baseline\"><span class=\"whitespace-normal\">Google Analytics<\/span><\/span><\/strong> en la versi\u00f3n <strong data-start=\"1131\" data-end=\"1138\">GA4<\/strong>, un servicio de an\u00e1lisis del tr\u00e1fico web proporcionado por <strong data-start=\"1191\" data-end=\"1232\"><span class=\"hover:entity-accent entity-underline inline cursor-pointer align-baseline\"><span class=\"whitespace-normal\">Google<\/span><\/span><\/strong>.<\/p>\n<p data-start=\"1235\" data-end=\"1433\">Las cookies de Google Analytics 4 se utilizan exclusivamente para recopilar informaci\u00f3n estad\u00edstica de forma agregada y an\u00f3nima sobre el n\u00famero de visitantes y las modalidades de uso del sitio.<\/p>\n<p data-start=\"1435\" data-end=\"1450\">En particular:<\/p>\n<ul data-start=\"1451\" data-end=\"1643\">\n<li data-start=\"1451\" data-end=\"1495\">\n<p data-start=\"1453\" data-end=\"1495\">la direcci\u00f3n IP del usuario se anonimiza;<\/p>\n<\/li>\n<li data-start=\"1496\" data-end=\"1560\">\n<p data-start=\"1498\" data-end=\"1560\">los datos no permiten la identificaci\u00f3n personal del usuario;<\/p>\n<\/li>\n<li data-start=\"1561\" data-end=\"1643\">\n<p data-start=\"1563\" data-end=\"1643\">los datos recopilados no se utilizan con fines de elaboraci\u00f3n de perfiles o marketing.<\/p>\n<\/li>\n<\/ul>\n<p data-start=\"1645\" data-end=\"1769\">La instalaci\u00f3n de las cookies de estad\u00edstica se realiza <strong data-start=\"1694\" data-end=\"1730\">solo previo consentimiento del usuario<\/strong>, expresado a trav\u00e9s del banner de Cookiebot.<\/p>\n<h3 data-start=\"1771\" data-end=\"1801\">3. Cookies de elaboraci\u00f3n de perfiles<\/h3>\n<p data-start=\"1802\" data-end=\"1879\">El sitio <strong data-start=\"1810\" data-end=\"1849\">no utiliza cookies de elaboraci\u00f3n de perfiles<\/strong>, ni propias ni de terceros.<\/p>\n<h3 data-start=\"1881\" data-end=\"1910\">4. Gesti\u00f3n del consentimiento<\/h3>\n<p data-start=\"1911\" data-end=\"2053\">En el primer acceso al sitio, el usuario puede expresar o denegar el consentimiento para el uso de cookies de estad\u00edstica a trav\u00e9s del banner gestionado por Cookiebot.<\/p>\n<p data-start=\"2055\" data-end=\"2088\">En cualquier momento es posible:<\/p>\n<ul data-start=\"2089\" data-end=\"2185\">\n<li data-start=\"2089\" data-end=\"2134\">\n<p data-start=\"2091\" data-end=\"2134\">modificar o revocar el consentimiento prestado;<\/p>\n<\/li>\n<li data-start=\"2135\" data-end=\"2185\">\n<p data-start=\"2137\" data-end=\"2185\">visualizar el detalle de las cookies utilizadas.<\/p>\n<\/li>\n<\/ul>\n<p data-start=\"2187\" data-end=\"2262\">Mediante el correspondiente bot\u00f3n o enlace \u201cAjustes de cookies\u201d presente en el sitio.<\/p>\n<h3 data-start=\"2264\" data-end=\"2307\">5. Gesti\u00f3n de las cookies a trav\u00e9s del navegador<\/h3>\n<p data-start=\"2308\" data-end=\"2512\">El usuario puede adem\u00e1s gestionar o desactivar las cookies directamente desde la configuraci\u00f3n de su navegador.<br data-start=\"2413\" data-end=\"2416\">La desactivaci\u00f3n de las cookies t\u00e9cnicas podr\u00eda comprometer el correcto funcionamiento del sitio.<\/p>\n<h3 data-start=\"2514\" data-end=\"2546\">6. Responsable del tratamiento<\/h3>\n<p data-start=\"2547\" data-end=\"2642\">El Responsable del tratamiento de los datos es:<br data-start=\"2586\" data-end=\"2589\"><strong data-start=\"2589\" data-end=\"2609\">Matteiplast Srl<\/strong><br data-start=\"2609\" data-end=\"2612\">Correo electr\u00f3nico: <strong data-start=\"2619\" data-end=\"2642\"><a class=\"decorated-link cursor-pointer\" rel=\"noopener\" data-start=\"2621\" data-end=\"2640\">info@matteiplast.it<\/a><\/strong><\/p>\n<h3 data-start=\"2644\" data-end=\"2665\">7. Actualizaciones<\/h3>\n<p data-start=\"2666\" data-end=\"2789\">La presente Pol\u00edtica de Cookies puede estar sujeta a modificaciones o actualizaciones. Se invita al usuario a consultarla peri\u00f3dicamente. <\/p>\n","protected":false},"excerpt":{"rendered":"<p>La presente Pol\u00edtica de Cookies se refiere al sitio web  [&#8230;]<\/p>\n","protected":false},"author":1,"featured_media":898,"parent":0,"menu_order":0,"comment_status":"closed","ping_status":"closed","template":"","meta":{"footnotes":""},"class_list":["post-897","page","type-page","status-publish","has-post-thumbnail","hentry"],"_links":{"self":[{"href":"https:\/\/matteiplast.it\/es\/wp-json\/wp\/v2\/pages\/897","targetHints":{"allow":["GET"]}}],"collection":[{"href":"https:\/\/matteiplast.it\/es\/wp-json\/wp\/v2\/pages"}],"about":[{"href":"https:\/\/matteiplast.it\/es\/wp-json\/wp\/v2\/types\/page"}],"author":[{"embeddable":true,"href":"https:\/\/matteiplast.it\/es\/wp-json\/wp\/v2\/users\/1"}],"replies":[{"embeddable":true,"href":"https:\/\/matteiplast.it\/es\/wp-json\/wp\/v2\/comments?post=897"}],"version-history":[{"count":0,"href":"https:\/\/matteiplast.it\/es\/wp-json\/wp\/v2\/pages\/897\/revisions"}],"wp:featuredmedia":[{"embeddable":true,"href":"https:\/\/matteiplast.it\/es\/wp-json\/wp\/v2\/media\/898"}],"wp:attachment":[{"href":"https:\/\/matteiplast.it\/es\/wp-json\/wp\/v2\/media?parent=897"}],"curies":[{"name":"wp","href":"https:\/\/api.w.org\/{rel}","templated":true}]}}