{"id":903,"date":"2025-06-20T15:43:46","date_gmt":"2025-06-20T13:43:46","guid":{"rendered":"https:\/\/matteiplast.it\/bolsas-y-sacos\/"},"modified":"2026-04-14T00:43:31","modified_gmt":"2026-04-13T22:43:31","slug":"bolsas-y-sacos","status":"publish","type":"page","link":"https:\/\/matteiplast.it\/es\/bolsas-y-sacos\/","title":{"rendered":"Bolsas y sacos"},"content":{"rendered":"<div class=\"fusion-fullwidth fullwidth-box fusion-builder-row-1 fusion-flex-container has-pattern-background has-mask-background nonhundred-percent-fullwidth non-hundred-percent-height-scrolling\" style=\"--awb-border-radius-top-left:0px;--awb-border-radius-top-right:0px;--awb-border-radius-bottom-right:0px;--awb-border-radius-bottom-left:0px;--awb-padding-top:50px;--awb-background-color:var(--awb-custom_color_1);--awb-flex-wrap:wrap;\" ><div class=\"fusion-builder-row fusion-row fusion-flex-align-items-stretch fusion-flex-justify-content-center fusion-flex-content-wrap\" style=\"max-width:1456px;margin-left: calc(-4% \/ 2 );margin-right: calc(-4% \/ 2 );\"><div class=\"fusion-layout-column fusion_builder_column fusion-builder-column-0 fusion_builder_column_1_2 1_2 fusion-flex-column\" style=\"--awb-padding-top:20px;--awb-padding-right:20px;--awb-padding-bottom:20px;--awb-padding-left:20px;--awb-overflow:hidden;--awb-bg-color:var(--awb-color1);--awb-bg-color-hover:var(--awb-color2);--awb-bg-size:cover;--awb-border-radius:0px 00px 0px 0px;--awb-width-large:50%;--awb-margin-top-large:0px;--awb-spacing-right-large:3.84%;--awb-margin-bottom-large:20px;--awb-spacing-left-large:3.84%;--awb-width-medium:50%;--awb-order-medium:0;--awb-spacing-right-medium:3.84%;--awb-spacing-left-medium:3.84%;--awb-width-small:100%;--awb-order-small:0;--awb-spacing-right-small:1.92%;--awb-spacing-left-small:1.92%;\"><div class=\"fusion-column-wrapper fusion-column-has-shadow fusion-flex-justify-content-space-between fusion-content-layout-column\"><div class=\"fusion-content-boxes content-boxes columns row fusion-columns-1 fusion-columns-total-1 fusion-content-boxes-1 content-boxes-icon-with-title content-left\" style=\"--awb-margin-bottom:0px;--awb-hover-accent-color:var(--awb-color4);--awb-circle-hover-accent-color:var(--awb-color4);--awb-item-margin-bottom:40px;\" data-animationOffset=\"top-into-view\"><div style=\"--awb-backgroundcolor:rgba(255,255,255,0);\" class=\"fusion-column content-box-column content-box-column content-box-column-1 col-lg-12 col-md-12 col-sm-12 fusion-content-box-hover content-box-column-last content-box-column-last-in-row\"><div class=\"col content-box-wrapper content-wrapper link-area-link-icon content-icon-wrapper-yes icon-hover-animation-fade\" data-animationOffset=\"top-into-view\"><div class=\"heading icon-left\"><h3 class=\"content-box-heading fusion-responsive-typography-calculated\" style=\"--h3_typography-font-size:36px;--fontSize:36;line-height:var(--awb-typography1-line-height);\">Sacos LD y HD<\/h3><\/div><div class=\"fusion-clearfix\"><\/div><div class=\"content-container\">\n<p>Los sacos de PE pueden fabricarse en polietileno de baja densidad (LDPE) o de alta densidad (HDPE), personalizables seg\u00fan las necesidades del cliente en cuanto a medida, grosor, color, neutros sin impresi\u00f3n o impresos. El uso previsto puede ser para contacto alimentario o industrial con materiales regenerados zero waste.<\/p>\n<\/div><\/div><\/div><div class=\"fusion-clearfix\"><\/div><\/div><div class=\"fusion-slider-sc\"><div class=\"fusion-flexslider-loading flexslider flexslider-hover-type-none\" data-slideshow_autoplay=\"1\" data-slideshow_smooth_height=\"0\" data-slideshow_speed=\"3000\" style=\"max-width:100%;height:100%;\"><ul class=\"slides\"><li class=\"image\"><span class=\"fusion-image-hover-element hover-type-none\"><img decoding=\"async\" src=\"https:\/\/matteiplast.it\/wp-content\/uploads\/2025\/06\/Matteiplast-sacchi-alimenti-e-no-03.jpg\" width=\"750\" height=\"504\" class=\"wp-image-387\" srcset=\"https:\/\/matteiplast.it\/wp-content\/uploads\/2025\/06\/Matteiplast-sacchi-alimenti-e-no-03-200x134.jpg 200w, https:\/\/matteiplast.it\/wp-content\/uploads\/2025\/06\/Matteiplast-sacchi-alimenti-e-no-03-400x269.jpg 400w, https:\/\/matteiplast.it\/wp-content\/uploads\/2025\/06\/Matteiplast-sacchi-alimenti-e-no-03-600x403.jpg 600w, https:\/\/matteiplast.it\/wp-content\/uploads\/2025\/06\/Matteiplast-sacchi-alimenti-e-no-03.jpg 750w\" sizes=\"(max-width: 640px) 100vw, 750px\" \/><\/span><\/li><li class=\"image\"><span class=\"fusion-image-hover-element hover-type-none\"><img decoding=\"async\" src=\"https:\/\/matteiplast.it\/wp-content\/uploads\/2025\/06\/Matteiplast-sacchi-alimenti-e-no-02.jpg\" width=\"750\" height=\"504\" class=\"wp-image-388\" srcset=\"https:\/\/matteiplast.it\/wp-content\/uploads\/2025\/06\/Matteiplast-sacchi-alimenti-e-no-02-200x134.jpg 200w, https:\/\/matteiplast.it\/wp-content\/uploads\/2025\/06\/Matteiplast-sacchi-alimenti-e-no-02-400x269.jpg 400w, https:\/\/matteiplast.it\/wp-content\/uploads\/2025\/06\/Matteiplast-sacchi-alimenti-e-no-02-600x403.jpg 600w, https:\/\/matteiplast.it\/wp-content\/uploads\/2025\/06\/Matteiplast-sacchi-alimenti-e-no-02.jpg 750w\" sizes=\"(max-width: 640px) 100vw, 750px\" \/><\/span><\/li><li class=\"image\"><span class=\"fusion-image-hover-element hover-type-none\"><img decoding=\"async\" src=\"https:\/\/matteiplast.it\/wp-content\/uploads\/2025\/06\/Matteiplast-sacchi-alimenti-e-no-01.jpg\" width=\"750\" height=\"502\" class=\"wp-image-389\" srcset=\"https:\/\/matteiplast.it\/wp-content\/uploads\/2025\/06\/Matteiplast-sacchi-alimenti-e-no-01-200x134.jpg 200w, https:\/\/matteiplast.it\/wp-content\/uploads\/2025\/06\/Matteiplast-sacchi-alimenti-e-no-01-400x268.jpg 400w, https:\/\/matteiplast.it\/wp-content\/uploads\/2025\/06\/Matteiplast-sacchi-alimenti-e-no-01-600x402.jpg 600w, https:\/\/matteiplast.it\/wp-content\/uploads\/2025\/06\/Matteiplast-sacchi-alimenti-e-no-01.jpg 750w\" sizes=\"(max-width: 640px) 100vw, 750px\" \/><\/span><\/li><\/ul><\/div><\/div><\/div><\/div><div class=\"fusion-layout-column fusion_builder_column fusion-builder-column-1 fusion_builder_column_1_2 1_2 fusion-flex-column\" style=\"--awb-padding-top:20px;--awb-padding-right:20px;--awb-padding-bottom:20px;--awb-padding-left:20px;--awb-bg-color:var(--awb-color1);--awb-bg-color-hover:var(--awb-color1);--awb-bg-size:cover;--awb-width-large:50%;--awb-margin-top-large:0px;--awb-spacing-right-large:3.84%;--awb-margin-bottom-large:20px;--awb-spacing-left-large:3.84%;--awb-width-medium:50%;--awb-order-medium:0;--awb-spacing-right-medium:3.84%;--awb-spacing-left-medium:3.84%;--awb-width-small:100%;--awb-order-small:0;--awb-spacing-right-small:1.92%;--awb-spacing-left-small:1.92%;\"><div class=\"fusion-column-wrapper fusion-column-has-shadow fusion-flex-justify-content-space-between fusion-content-layout-column\"><div class=\"fusion-content-boxes content-boxes columns row fusion-columns-1 fusion-columns-total-1 fusion-content-boxes-2 content-boxes-icon-with-title content-left\" style=\"--awb-margin-bottom:0px;--awb-hover-accent-color:var(--awb-color4);--awb-circle-hover-accent-color:var(--awb-color4);--awb-item-margin-bottom:40px;\" data-animationOffset=\"top-into-view\"><div style=\"--awb-backgroundcolor:rgba(255,255,255,0);\" class=\"fusion-column content-box-column content-box-column content-box-column-1 col-lg-12 col-md-12 col-sm-12 fusion-content-box-hover content-box-column-last content-box-column-last-in-row\"><div class=\"col content-box-wrapper content-wrapper link-area-link-icon content-icon-wrapper-yes icon-hover-animation-fade\" data-animationOffset=\"top-into-view\"><div class=\"heading icon-left\"><h3 class=\"content-box-heading fusion-responsive-typography-calculated\" style=\"--h3_typography-font-size:36px;--fontSize:36;line-height:var(--awb-typography1-line-height);\">Sacos para residuos<\/h3><\/div><div class=\"fusion-clearfix\"><\/div><div class=\"content-container\">\n<p>Los sacos para residuos de PE pueden fabricarse en baja densidad (LDPE) o en alta densidad (HDPE), est\u00e1n disponibles en varios colores, formatos y grosores, en formato dispuestos en caja o en rollo presellados.<\/p>\n<\/div><\/div><\/div><div class=\"fusion-clearfix\"><\/div><\/div><div class=\"fusion-slider-sc\"><div class=\"fusion-flexslider-loading flexslider flexslider-hover-type-none\" data-slideshow_autoplay=\"1\" data-slideshow_smooth_height=\"0\" data-slideshow_speed=\"7000\" style=\"max-width:100%;height:100%;\"><ul class=\"slides\"><li class=\"image\"><span class=\"fusion-image-hover-element hover-type-none\"><img decoding=\"async\" src=\"https:\/\/matteiplast.it\/wp-content\/uploads\/2025\/06\/Matteiplast-sacchi-per-rifiuti.jpg\" width=\"750\" height=\"504\" class=\"wp-image-390\" srcset=\"https:\/\/matteiplast.it\/wp-content\/uploads\/2025\/06\/Matteiplast-sacchi-per-rifiuti-200x134.jpg 200w, https:\/\/matteiplast.it\/wp-content\/uploads\/2025\/06\/Matteiplast-sacchi-per-rifiuti-400x269.jpg 400w, https:\/\/matteiplast.it\/wp-content\/uploads\/2025\/06\/Matteiplast-sacchi-per-rifiuti-600x403.jpg 600w, https:\/\/matteiplast.it\/wp-content\/uploads\/2025\/06\/Matteiplast-sacchi-per-rifiuti.jpg 750w\" sizes=\"(max-width: 640px) 100vw, 750px\" \/><\/span><\/li><\/ul><\/div><\/div><\/div><\/div><div class=\"fusion-layout-column fusion_builder_column fusion-builder-column-2 fusion_builder_column_1_2 1_2 fusion-flex-column\" style=\"--awb-padding-top:20px;--awb-padding-right:20px;--awb-padding-bottom:20px;--awb-padding-left:20px;--awb-bg-color:var(--awb-color1);--awb-bg-color-hover:var(--awb-color1);--awb-bg-size:cover;--awb-width-large:50%;--awb-margin-top-large:0px;--awb-spacing-right-large:3.84%;--awb-margin-bottom-large:20px;--awb-spacing-left-large:3.84%;--awb-width-medium:50%;--awb-order-medium:0;--awb-spacing-right-medium:3.84%;--awb-spacing-left-medium:3.84%;--awb-width-small:100%;--awb-order-small:0;--awb-spacing-right-small:1.92%;--awb-spacing-left-small:1.92%;\"><div class=\"fusion-column-wrapper fusion-column-has-shadow fusion-flex-justify-content-flex-start fusion-content-layout-column\"><div class=\"fusion-content-boxes content-boxes columns row fusion-columns-1 fusion-columns-total-1 fusion-content-boxes-3 content-boxes-icon-with-title content-left\" style=\"--awb-margin-bottom:0px;--awb-hover-accent-color:var(--awb-color4);--awb-circle-hover-accent-color:var(--awb-color4);--awb-item-margin-bottom:40px;\" data-animationOffset=\"top-into-view\"><div style=\"--awb-backgroundcolor:rgba(255,255,255,0);\" class=\"fusion-column content-box-column content-box-column content-box-column-1 col-lg-12 col-md-12 col-sm-12 fusion-content-box-hover content-box-column-last content-box-column-last-in-row\"><div class=\"col content-box-wrapper content-wrapper link-area-link-icon content-icon-wrapper-yes icon-hover-animation-fade\" data-animationOffset=\"top-into-view\"><div class=\"heading icon-left\"><h3 class=\"content-box-heading fusion-responsive-typography-calculated\" style=\"--h3_typography-font-size:36px;--fontSize:36;line-height:var(--awb-typography1-line-height);\">Bolsas minigrip<\/h3><\/div><div class=\"fusion-clearfix\"><\/div><div class=\"content-container\">\n<p>Las bolsas con cierre grip a presi\u00f3n sobre carril pueden fabricarse en baja densidad (LDPE) o en alta densidad (HDPE), o bien con cursor y terminales laterales, con aplicaci\u00f3n de tecnolog\u00eda por ultrasonidos, personalizables seg\u00fan las necesidades del cliente en cuanto a medida, grosor, color con y sin impresi\u00f3n.<\/p>\n<\/div><\/div><\/div><div class=\"fusion-clearfix\"><\/div><\/div><div class=\"fusion-slider-sc\"><div class=\"fusion-flexslider-loading flexslider flexslider-hover-type-none\" data-slideshow_autoplay=\"1\" data-slideshow_smooth_height=\"0\" data-slideshow_speed=\"3000\" style=\"max-width:100%;height:100%;\"><ul class=\"slides\"><li class=\"image\"><span class=\"fusion-image-hover-element hover-type-none\"><img decoding=\"async\" src=\"https:\/\/matteiplast.it\/wp-content\/uploads\/2025\/06\/Matteiplast-buste-minigrip-04.jpg\" width=\"750\" height=\"504\" class=\"wp-image-386\" srcset=\"https:\/\/matteiplast.it\/wp-content\/uploads\/2025\/06\/Matteiplast-buste-minigrip-04-200x134.jpg 200w, https:\/\/matteiplast.it\/wp-content\/uploads\/2025\/06\/Matteiplast-buste-minigrip-04-400x269.jpg 400w, https:\/\/matteiplast.it\/wp-content\/uploads\/2025\/06\/Matteiplast-buste-minigrip-04-600x403.jpg 600w, https:\/\/matteiplast.it\/wp-content\/uploads\/2025\/06\/Matteiplast-buste-minigrip-04.jpg 750w\" sizes=\"(max-width: 640px) 100vw, 750px\" \/><\/span><\/li><li class=\"image\"><span class=\"fusion-image-hover-element hover-type-none\"><img decoding=\"async\" src=\"https:\/\/matteiplast.it\/wp-content\/uploads\/2025\/06\/Matteiplast-buste-minigrip-03.jpg\" width=\"750\" height=\"504\" class=\"wp-image-385\" srcset=\"https:\/\/matteiplast.it\/wp-content\/uploads\/2025\/06\/Matteiplast-buste-minigrip-03-200x134.jpg 200w, https:\/\/matteiplast.it\/wp-content\/uploads\/2025\/06\/Matteiplast-buste-minigrip-03-400x269.jpg 400w, https:\/\/matteiplast.it\/wp-content\/uploads\/2025\/06\/Matteiplast-buste-minigrip-03-600x403.jpg 600w, https:\/\/matteiplast.it\/wp-content\/uploads\/2025\/06\/Matteiplast-buste-minigrip-03.jpg 750w\" sizes=\"(max-width: 640px) 100vw, 750px\" \/><\/span><\/li><li class=\"image\"><span class=\"fusion-image-hover-element hover-type-none\"><img decoding=\"async\" src=\"https:\/\/matteiplast.it\/wp-content\/uploads\/2025\/06\/Matteiplast-buste-minigrip-02.jpg\" width=\"750\" height=\"504\" class=\"wp-image-384\" srcset=\"https:\/\/matteiplast.it\/wp-content\/uploads\/2025\/06\/Matteiplast-buste-minigrip-02-200x134.jpg 200w, https:\/\/matteiplast.it\/wp-content\/uploads\/2025\/06\/Matteiplast-buste-minigrip-02-400x269.jpg 400w, https:\/\/matteiplast.it\/wp-content\/uploads\/2025\/06\/Matteiplast-buste-minigrip-02-600x403.jpg 600w, https:\/\/matteiplast.it\/wp-content\/uploads\/2025\/06\/Matteiplast-buste-minigrip-02.jpg 750w\" sizes=\"(max-width: 640px) 100vw, 750px\" \/><\/span><\/li><li class=\"image\"><span class=\"fusion-image-hover-element hover-type-none\"><img decoding=\"async\" src=\"https:\/\/matteiplast.it\/wp-content\/uploads\/2025\/06\/Matteiplast-buste-minigrip-01.jpg\" width=\"750\" height=\"504\" class=\"wp-image-383\" srcset=\"https:\/\/matteiplast.it\/wp-content\/uploads\/2025\/06\/Matteiplast-buste-minigrip-01-200x134.jpg 200w, https:\/\/matteiplast.it\/wp-content\/uploads\/2025\/06\/Matteiplast-buste-minigrip-01-400x269.jpg 400w, https:\/\/matteiplast.it\/wp-content\/uploads\/2025\/06\/Matteiplast-buste-minigrip-01-600x403.jpg 600w, https:\/\/matteiplast.it\/wp-content\/uploads\/2025\/06\/Matteiplast-buste-minigrip-01.jpg 750w\" sizes=\"(max-width: 640px) 100vw, 750px\" \/><\/span><\/li><\/ul><\/div><\/div><\/div><\/div><div class=\"fusion-layout-column fusion_builder_column fusion-builder-column-3 fusion_builder_column_1_2 1_2 fusion-flex-column\" style=\"--awb-padding-top:20px;--awb-padding-right:20px;--awb-padding-bottom:20px;--awb-padding-left:20px;--awb-bg-color:var(--awb-color1);--awb-bg-color-hover:var(--awb-color1);--awb-bg-size:cover;--awb-width-large:50%;--awb-margin-top-large:0px;--awb-spacing-right-large:3.84%;--awb-margin-bottom-large:20px;--awb-spacing-left-large:3.84%;--awb-width-medium:50%;--awb-order-medium:0;--awb-spacing-right-medium:3.84%;--awb-spacing-left-medium:3.84%;--awb-width-small:100%;--awb-order-small:0;--awb-spacing-right-small:1.92%;--awb-spacing-left-small:1.92%;\"><div class=\"fusion-column-wrapper fusion-column-has-shadow fusion-flex-justify-content-space-between fusion-content-layout-column\"><div class=\"fusion-content-boxes content-boxes columns row fusion-columns-1 fusion-columns-total-1 fusion-content-boxes-4 content-boxes-icon-with-title content-left\" style=\"--awb-margin-bottom:0px;--awb-hover-accent-color:var(--awb-color4);--awb-circle-hover-accent-color:var(--awb-color4);--awb-item-margin-bottom:40px;\" data-animationOffset=\"top-into-view\"><div style=\"--awb-backgroundcolor:rgba(255,255,255,0);\" class=\"fusion-column content-box-column content-box-column content-box-column-1 col-lg-12 col-md-12 col-sm-12 fusion-content-box-hover content-box-column-last content-box-column-last-in-row\"><div class=\"col content-box-wrapper content-wrapper link-area-link-icon content-icon-wrapper-yes icon-hover-animation-fade\" data-animationOffset=\"top-into-view\"><div class=\"heading icon-left\"><h3 class=\"content-box-heading fusion-responsive-typography-calculated\" style=\"--h3_typography-font-size:36px;--fontSize:36;line-height:var(--awb-typography1-line-height);\">Bolsas con adhesivo<\/h3><\/div><div class=\"fusion-clearfix\"><\/div><div class=\"content-container\">\n<p>Las bolsas de PE fabricadas en baja densidad (LDPE) o en alta densidad (HDPE) est\u00e1n disponibles en varios formatos, grosores y colores. Est\u00e1n dotadas de solapa adhesiva que permite evitar la salida del producto embolsado. El liner adhesivo puede ser tanto removible (abrir y cerrar varias veces) como permanente antirrobo.<\/p>\n<\/div><\/div><\/div><div class=\"fusion-clearfix\"><\/div><\/div><div class=\"fusion-slider-sc\"><div class=\"fusion-flexslider-loading flexslider flexslider-hover-type-none\" data-slideshow_autoplay=\"1\" data-slideshow_smooth_height=\"0\" data-slideshow_speed=\"3000\" style=\"max-width:100%;height:100%;\"><ul class=\"slides\"><li class=\"image\"><span class=\"fusion-image-hover-element hover-type-none\"><img decoding=\"async\" src=\"https:\/\/matteiplast.it\/wp-content\/uploads\/2025\/12\/buste-plastica-imbottite-1.jpg\" width=\"750\" height=\"504\" class=\"wp-image-625\" srcset=\"https:\/\/matteiplast.it\/wp-content\/uploads\/2025\/12\/buste-plastica-imbottite-1-200x134.jpg 200w, https:\/\/matteiplast.it\/wp-content\/uploads\/2025\/12\/buste-plastica-imbottite-1-400x269.jpg 400w, https:\/\/matteiplast.it\/wp-content\/uploads\/2025\/12\/buste-plastica-imbottite-1-600x403.jpg 600w, https:\/\/matteiplast.it\/wp-content\/uploads\/2025\/12\/buste-plastica-imbottite-1.jpg 750w\" sizes=\"(max-width: 640px) 100vw, 750px\" \/><\/span><\/li><li class=\"image\"><span class=\"fusion-image-hover-element hover-type-none\"><img decoding=\"async\" src=\"https:\/\/matteiplast.it\/wp-content\/uploads\/2025\/06\/Matteiplast-buste-plastica-coestruso-01.jpg\" width=\"750\" height=\"504\" class=\"wp-image-392\" srcset=\"https:\/\/matteiplast.it\/wp-content\/uploads\/2025\/06\/Matteiplast-buste-plastica-coestruso-01-200x134.jpg 200w, https:\/\/matteiplast.it\/wp-content\/uploads\/2025\/06\/Matteiplast-buste-plastica-coestruso-01-400x269.jpg 400w, https:\/\/matteiplast.it\/wp-content\/uploads\/2025\/06\/Matteiplast-buste-plastica-coestruso-01-600x403.jpg 600w, https:\/\/matteiplast.it\/wp-content\/uploads\/2025\/06\/Matteiplast-buste-plastica-coestruso-01.jpg 750w\" sizes=\"(max-width: 640px) 100vw, 750px\" \/><\/span><\/li><\/ul><\/div><\/div><\/div><\/div><div class=\"fusion-layout-column fusion_builder_column fusion-builder-column-4 fusion_builder_column_1_2 1_2 fusion-flex-column fusion-flex-align-self-stretch\" style=\"--awb-padding-top:20px;--awb-padding-right:20px;--awb-padding-bottom:20px;--awb-padding-left:20px;--awb-bg-color:var(--awb-color1);--awb-bg-color-hover:var(--awb-color1);--awb-bg-size:cover;--awb-width-large:50%;--awb-margin-top-large:0px;--awb-spacing-right-large:3.84%;--awb-margin-bottom-large:20px;--awb-spacing-left-large:3.84%;--awb-width-medium:50%;--awb-order-medium:0;--awb-spacing-right-medium:3.84%;--awb-spacing-left-medium:3.84%;--awb-width-small:100%;--awb-order-small:0;--awb-spacing-right-small:1.92%;--awb-spacing-left-small:1.92%;\"><div class=\"fusion-column-wrapper fusion-column-has-shadow fusion-flex-justify-content-space-between fusion-content-layout-column\"><div class=\"fusion-content-boxes content-boxes columns row fusion-columns-1 fusion-columns-total-1 fusion-content-boxes-5 content-boxes-icon-with-title content-left\" style=\"--awb-margin-bottom:0px;--awb-hover-accent-color:var(--awb-color4);--awb-circle-hover-accent-color:var(--awb-color4);--awb-item-margin-bottom:40px;\" data-animationOffset=\"top-into-view\"><div style=\"--awb-backgroundcolor:rgba(255,255,255,0);\" class=\"fusion-column content-box-column content-box-column content-box-column-1 col-lg-12 col-md-12 col-sm-12 fusion-content-box-hover content-box-column-last content-box-column-last-in-row\"><div class=\"col content-box-wrapper content-wrapper link-area-link-icon content-icon-wrapper-yes icon-hover-animation-fade\" data-animationOffset=\"top-into-view\"><div class=\"heading icon-left\"><h3 class=\"content-box-heading fusion-responsive-typography-calculated\" style=\"--h3_typography-font-size:36px;--fontSize:36;line-height:var(--awb-typography1-line-height);\">Bolsas al vac\u00edo<\/h3><\/div><div class=\"fusion-clearfix\"><\/div><div class=\"content-container\">\n<p>Las bolsas al vac\u00edo para alimentos est\u00e1n disponibles lisas o gofradas con efecto barrera destinado a la conservaci\u00f3n de las fragancias y la frescura del contenido.<\/p>\n<\/div><\/div><\/div><div class=\"fusion-clearfix\"><\/div><\/div><div class=\"fusion-slider-sc\"><div class=\"fusion-flexslider-loading flexslider flexslider-hover-type-none\" data-slideshow_autoplay=\"1\" data-slideshow_smooth_height=\"0\" data-slideshow_speed=\"7000\" style=\"max-width:100%;height:100%;\"><ul class=\"slides\"><li class=\"image\"><span class=\"fusion-image-hover-element hover-type-none\"><img decoding=\"async\" src=\"https:\/\/matteiplast.it\/wp-content\/uploads\/2026\/01\/Matteiplast-buste-sottovuoto.jpg\" width=\"750\" height=\"504\" class=\"wp-image-764\" srcset=\"https:\/\/matteiplast.it\/wp-content\/uploads\/2026\/01\/Matteiplast-buste-sottovuoto-200x134.jpg 200w, https:\/\/matteiplast.it\/wp-content\/uploads\/2026\/01\/Matteiplast-buste-sottovuoto-400x269.jpg 400w, https:\/\/matteiplast.it\/wp-content\/uploads\/2026\/01\/Matteiplast-buste-sottovuoto-600x403.jpg 600w, https:\/\/matteiplast.it\/wp-content\/uploads\/2026\/01\/Matteiplast-buste-sottovuoto.jpg 750w\" sizes=\"(max-width: 640px) 100vw, 750px\" \/><\/span><\/li><\/ul><\/div><\/div><\/div><\/div><div class=\"fusion-layout-column fusion_builder_column fusion-builder-column-5 fusion_builder_column_1_2 1_2 fusion-flex-column\" style=\"--awb-padding-top:20px;--awb-padding-right:20px;--awb-padding-bottom:20px;--awb-padding-left:20px;--awb-bg-color:var(--awb-color1);--awb-bg-color-hover:var(--awb-color1);--awb-bg-size:cover;--awb-width-large:50%;--awb-margin-top-large:0px;--awb-spacing-right-large:3.84%;--awb-margin-bottom-large:20px;--awb-spacing-left-large:3.84%;--awb-width-medium:50%;--awb-order-medium:0;--awb-spacing-right-medium:3.84%;--awb-spacing-left-medium:3.84%;--awb-width-small:100%;--awb-order-small:0;--awb-spacing-right-small:1.92%;--awb-spacing-left-small:1.92%;\"><div class=\"fusion-column-wrapper fusion-column-has-shadow fusion-flex-justify-content-space-between fusion-content-layout-column\"><div class=\"fusion-content-boxes content-boxes columns row fusion-columns-1 fusion-columns-total-1 fusion-content-boxes-6 content-boxes-icon-with-title content-left\" style=\"--awb-margin-bottom:0px;--awb-hover-accent-color:var(--awb-color4);--awb-circle-hover-accent-color:var(--awb-color4);--awb-item-margin-bottom:40px;\" data-animationOffset=\"top-into-view\"><div style=\"--awb-backgroundcolor:rgba(255,255,255,0);\" class=\"fusion-column content-box-column content-box-column content-box-column-1 col-lg-12 col-md-12 col-sm-12 fusion-content-box-hover content-box-column-last content-box-column-last-in-row\"><div class=\"col content-box-wrapper content-wrapper link-area-link-icon content-icon-wrapper-yes icon-hover-animation-fade\" data-animationOffset=\"top-into-view\"><div class=\"heading icon-left\"><h3 class=\"content-box-heading fusion-responsive-typography-calculated\" style=\"--h3_typography-font-size:36px;--fontSize:36;line-height:var(--awb-typography1-line-height);\">Fundas para ropa<\/h3><\/div><div class=\"fusion-clearfix\"><\/div><div class=\"content-container\">\n<p>Las fundas para ropa de baja densidad (LDPE) pueden ser transparentes o de colores, neutras o personalizadas, con o sin cursor.<\/p>\n<\/div><\/div><\/div><div class=\"fusion-clearfix\"><\/div><\/div><div class=\"fusion-slider-sc\"><div class=\"fusion-flexslider-loading flexslider flexslider-hover-type-none\" data-slideshow_autoplay=\"1\" data-slideshow_smooth_height=\"0\" data-slideshow_speed=\"7000\" style=\"max-width:100%;height:100%;\"><ul class=\"slides\"><li class=\"image\"><span class=\"fusion-image-hover-element hover-type-none\"><img decoding=\"async\" src=\"https:\/\/matteiplast.it\/wp-content\/uploads\/2025\/06\/Matteiplast-imballaggi-industriali-copriabiti.jpg\" width=\"750\" height=\"504\" class=\"wp-image-468\" srcset=\"https:\/\/matteiplast.it\/wp-content\/uploads\/2025\/06\/Matteiplast-imballaggi-industriali-copriabiti-200x134.jpg 200w, https:\/\/matteiplast.it\/wp-content\/uploads\/2025\/06\/Matteiplast-imballaggi-industriali-copriabiti-400x269.jpg 400w, https:\/\/matteiplast.it\/wp-content\/uploads\/2025\/06\/Matteiplast-imballaggi-industriali-copriabiti-600x403.jpg 600w, https:\/\/matteiplast.it\/wp-content\/uploads\/2025\/06\/Matteiplast-imballaggi-industriali-copriabiti.jpg 750w\" sizes=\"(max-width: 640px) 100vw, 750px\" \/><\/span><\/li><\/ul><\/div><\/div><\/div><\/div><div class=\"fusion-layout-column fusion_builder_column fusion-builder-column-6 fusion_builder_column_1_1 1_1 fusion-flex-column\" style=\"--awb-bg-size:cover;--awb-width-large:100%;--awb-margin-top-large:36px;--awb-spacing-right-large:1.92%;--awb-margin-bottom-large:38px;--awb-spacing-left-large:1.92%;--awb-width-medium:100%;--awb-order-medium:0;--awb-spacing-right-medium:1.92%;--awb-spacing-left-medium:1.92%;--awb-width-small:100%;--awb-order-small:0;--awb-spacing-right-small:1.92%;--awb-spacing-left-small:1.92%;\"><div class=\"fusion-column-wrapper fusion-column-has-shadow fusion-flex-justify-content-flex-start fusion-content-layout-column\"><div style=\"text-align:center;\"><a class=\"fusion-button button-flat fusion-button-default-size button-default fusion-button-default button-1 fusion-button-default-span fusion-button-default-type\" style=\"--button-border-radius-top-left:10px;--button-border-radius-bottom-right:10px;\" target=\"_self\" href=\"https:\/\/matteiplast.it\/contatti\/\"><span class=\"fusion-button-text awb-button__text awb-button__text--default\">Solicite un presupuesto<\/span><\/a><\/div><\/div><\/div><\/div><\/div>\n","protected":false},"excerpt":{"rendered":"","protected":false},"author":1,"featured_media":905,"parent":0,"menu_order":0,"comment_status":"closed","ping_status":"closed","template":"100-width.php","meta":{"footnotes":""},"class_list":["post-903","page","type-page","status-publish","has-post-thumbnail","hentry"],"_links":{"self":[{"href":"https:\/\/matteiplast.it\/es\/wp-json\/wp\/v2\/pages\/903","targetHints":{"allow":["GET"]}}],"collection":[{"href":"https:\/\/matteiplast.it\/es\/wp-json\/wp\/v2\/pages"}],"about":[{"href":"https:\/\/matteiplast.it\/es\/wp-json\/wp\/v2\/types\/page"}],"author":[{"embeddable":true,"href":"https:\/\/matteiplast.it\/es\/wp-json\/wp\/v2\/users\/1"}],"replies":[{"embeddable":true,"href":"https:\/\/matteiplast.it\/es\/wp-json\/wp\/v2\/comments?post=903"}],"version-history":[{"count":1,"href":"https:\/\/matteiplast.it\/es\/wp-json\/wp\/v2\/pages\/903\/revisions"}],"predecessor-version":[{"id":920,"href":"https:\/\/matteiplast.it\/es\/wp-json\/wp\/v2\/pages\/903\/revisions\/920"}],"wp:featuredmedia":[{"embeddable":true,"href":"https:\/\/matteiplast.it\/es\/wp-json\/wp\/v2\/media\/905"}],"wp:attachment":[{"href":"https:\/\/matteiplast.it\/es\/wp-json\/wp\/v2\/media?parent=903"}],"curies":[{"name":"wp","href":"https:\/\/api.w.org\/{rel}","templated":true}]}}