{"id":964,"date":"2025-04-08T13:23:22","date_gmt":"2025-04-08T11:23:22","guid":{"rendered":"https:\/\/matteiplast.it\/bolsas\/"},"modified":"2026-04-14T00:44:24","modified_gmt":"2026-04-13T22:44:24","slug":"bolsas","status":"publish","type":"page","link":"https:\/\/matteiplast.it\/es\/bolsas\/","title":{"rendered":"Bolsas"},"content":{"rendered":"<div class=\"fusion-fullwidth fullwidth-box fusion-builder-row-1 fusion-flex-container has-pattern-background has-mask-background nonhundred-percent-fullwidth non-hundred-percent-height-scrolling\" style=\"--awb-border-radius-top-left:0px;--awb-border-radius-top-right:0px;--awb-border-radius-bottom-right:0px;--awb-border-radius-bottom-left:0px;--awb-padding-top:50px;--awb-background-color:var(--awb-custom_color_1);--awb-flex-wrap:wrap;\" ><div class=\"fusion-builder-row fusion-row fusion-flex-align-items-stretch fusion-flex-justify-content-center fusion-flex-content-wrap\" style=\"max-width:1456px;margin-left: calc(-4% \/ 2 );margin-right: calc(-4% \/ 2 );\"><div class=\"fusion-layout-column fusion_builder_column fusion-builder-column-0 fusion_builder_column_1_2 1_2 fusion-flex-column fusion-flex-align-self-stretch\" style=\"--awb-padding-top:20px;--awb-padding-right:20px;--awb-padding-bottom:20px;--awb-padding-left:20px;--awb-overflow:hidden;--awb-bg-color:var(--awb-color1);--awb-bg-color-hover:var(--awb-color2);--awb-bg-size:cover;--awb-border-radius:0px 00px 0px 0px;--awb-width-large:50%;--awb-margin-top-large:0px;--awb-spacing-right-large:3.84%;--awb-margin-bottom-large:20px;--awb-spacing-left-large:3.84%;--awb-width-medium:50%;--awb-order-medium:0;--awb-spacing-right-medium:3.84%;--awb-spacing-left-medium:3.84%;--awb-width-small:100%;--awb-order-small:0;--awb-spacing-right-small:1.92%;--awb-spacing-left-small:1.92%;\"><div class=\"fusion-column-wrapper fusion-column-has-shadow fusion-flex-justify-content-space-between fusion-content-layout-column\"><div class=\"fusion-content-boxes content-boxes columns row fusion-columns-1 fusion-columns-total-1 fusion-content-boxes-1 content-boxes-icon-with-title content-left\" style=\"--awb-margin-bottom:0px;--awb-hover-accent-color:var(--awb-color4);--awb-circle-hover-accent-color:var(--awb-color4);--awb-item-margin-bottom:40px;\" data-animationOffset=\"top-into-view\"><div style=\"--awb-backgroundcolor:rgba(255,255,255,0);\" class=\"fusion-column content-box-column content-box-column content-box-column-1 col-lg-12 col-md-12 col-sm-12 fusion-content-box-hover content-box-column-last content-box-column-last-in-row\"><div class=\"col content-box-wrapper content-wrapper link-area-link-icon content-icon-wrapper-yes icon-hover-animation-fade\" data-animationOffset=\"top-into-view\"><div class=\"heading icon-left\"><h2 class=\"content-box-heading fusion-responsive-typography-calculated\" style=\"--h2_typography-font-size:36px;--fontSize:36;line-height:var(--awb-typography1-line-height);\">Bolsas de papel<\/h2><\/div><div class=\"fusion-clearfix\"><\/div><div class=\"content-container\">\n<p>En papel reciclado de cadena controlada o en papel FSC o Tree Free, nuestras bolsas personalizables pueden solicitarse en varios colores y tipolog\u00edas, con asa retorcida de cinta aplicada a corte vivo o en el dobladillo, con asa de algod\u00f3n o PVC o papel con aplicaci\u00f3n manual de 4 nudos con acabado de lujo con cartulina de refuerzo. La impresi\u00f3n puede ser en offset, UV, en caliente o en flexograf\u00eda seg\u00fan la definici\u00f3n gr\u00e1fica que se desee realizar.<\/p>\n<\/div><\/div><\/div><div class=\"fusion-clearfix\"><\/div><\/div><div class=\"fusion-slider-sc\"><div class=\"fusion-flexslider-loading flexslider flexslider-hover-type-none\" data-slideshow_autoplay=\"1\" data-slideshow_smooth_height=\"0\" data-slideshow_speed=\"3000\" style=\"max-width:100%;height:100%;\"><ul class=\"slides\"><li class=\"image\"><span class=\"fusion-image-hover-element hover-type-none\"><img decoding=\"async\" src=\"https:\/\/matteiplast.it\/wp-content\/uploads\/2025\/06\/Matteiplast-shopper-in-carta-04.jpg\" width=\"750\" height=\"504\" class=\"wp-image-358\" srcset=\"https:\/\/matteiplast.it\/wp-content\/uploads\/2025\/06\/Matteiplast-shopper-in-carta-04-200x134.jpg 200w, https:\/\/matteiplast.it\/wp-content\/uploads\/2025\/06\/Matteiplast-shopper-in-carta-04-400x269.jpg 400w, https:\/\/matteiplast.it\/wp-content\/uploads\/2025\/06\/Matteiplast-shopper-in-carta-04-600x403.jpg 600w, https:\/\/matteiplast.it\/wp-content\/uploads\/2025\/06\/Matteiplast-shopper-in-carta-04.jpg 750w\" sizes=\"(max-width: 640px) 100vw, 750px\" \/><\/span><\/li><li class=\"image\"><span class=\"fusion-image-hover-element hover-type-none\"><img decoding=\"async\" src=\"https:\/\/matteiplast.it\/wp-content\/uploads\/2025\/06\/Matteiplast-shopper-in-carta-03.jpg\" width=\"750\" height=\"504\" class=\"wp-image-357\" srcset=\"https:\/\/matteiplast.it\/wp-content\/uploads\/2025\/06\/Matteiplast-shopper-in-carta-03-200x134.jpg 200w, https:\/\/matteiplast.it\/wp-content\/uploads\/2025\/06\/Matteiplast-shopper-in-carta-03-400x269.jpg 400w, https:\/\/matteiplast.it\/wp-content\/uploads\/2025\/06\/Matteiplast-shopper-in-carta-03-600x403.jpg 600w, https:\/\/matteiplast.it\/wp-content\/uploads\/2025\/06\/Matteiplast-shopper-in-carta-03.jpg 750w\" sizes=\"(max-width: 640px) 100vw, 750px\" \/><\/span><\/li><li class=\"image\"><span class=\"fusion-image-hover-element hover-type-none\"><img decoding=\"async\" src=\"https:\/\/matteiplast.it\/wp-content\/uploads\/2025\/06\/Matteiplast-shopper-in-carta-05.jpg\" width=\"750\" height=\"504\" class=\"wp-image-359\" srcset=\"https:\/\/matteiplast.it\/wp-content\/uploads\/2025\/06\/Matteiplast-shopper-in-carta-05-200x134.jpg 200w, https:\/\/matteiplast.it\/wp-content\/uploads\/2025\/06\/Matteiplast-shopper-in-carta-05-400x269.jpg 400w, https:\/\/matteiplast.it\/wp-content\/uploads\/2025\/06\/Matteiplast-shopper-in-carta-05-600x403.jpg 600w, https:\/\/matteiplast.it\/wp-content\/uploads\/2025\/06\/Matteiplast-shopper-in-carta-05.jpg 750w\" sizes=\"(max-width: 640px) 100vw, 750px\" \/><\/span><\/li><li class=\"image\"><span class=\"fusion-image-hover-element hover-type-none\"><img decoding=\"async\" src=\"https:\/\/matteiplast.it\/wp-content\/uploads\/2025\/06\/Matteiplast-shopper-in-carta-06.jpg\" width=\"750\" height=\"504\" class=\"wp-image-360\" srcset=\"https:\/\/matteiplast.it\/wp-content\/uploads\/2025\/06\/Matteiplast-shopper-in-carta-06-200x134.jpg 200w, https:\/\/matteiplast.it\/wp-content\/uploads\/2025\/06\/Matteiplast-shopper-in-carta-06-400x269.jpg 400w, https:\/\/matteiplast.it\/wp-content\/uploads\/2025\/06\/Matteiplast-shopper-in-carta-06-600x403.jpg 600w, https:\/\/matteiplast.it\/wp-content\/uploads\/2025\/06\/Matteiplast-shopper-in-carta-06.jpg 750w\" sizes=\"(max-width: 640px) 100vw, 750px\" \/><\/span><\/li><\/ul><\/div><\/div><\/div><\/div><div class=\"fusion-layout-column fusion_builder_column fusion-builder-column-1 fusion_builder_column_1_2 1_2 fusion-flex-column fusion-flex-align-self-center\" style=\"--awb-padding-top:20px;--awb-padding-right:20px;--awb-padding-bottom:20px;--awb-padding-left:20px;--awb-bg-color:var(--awb-color1);--awb-bg-color-hover:var(--awb-color1);--awb-bg-size:cover;--awb-width-large:50%;--awb-margin-top-large:0px;--awb-spacing-right-large:3.84%;--awb-margin-bottom-large:20px;--awb-spacing-left-large:3.84%;--awb-width-medium:50%;--awb-order-medium:0;--awb-spacing-right-medium:3.84%;--awb-spacing-left-medium:3.84%;--awb-width-small:100%;--awb-order-small:0;--awb-spacing-right-small:1.92%;--awb-spacing-left-small:1.92%;\"><div class=\"fusion-column-wrapper fusion-column-has-shadow fusion-flex-justify-content-space-between fusion-content-layout-column\"><div class=\"fusion-content-boxes content-boxes columns row fusion-columns-1 fusion-columns-total-1 fusion-content-boxes-2 content-boxes-icon-with-title content-left\" style=\"--awb-margin-bottom:0px;--awb-hover-accent-color:var(--awb-color4);--awb-circle-hover-accent-color:var(--awb-color4);--awb-item-margin-bottom:40px;\" data-animationOffset=\"top-into-view\"><div style=\"--awb-backgroundcolor:rgba(255,255,255,0);\" class=\"fusion-column content-box-column content-box-column content-box-column-1 col-lg-12 col-md-12 col-sm-12 fusion-content-box-hover content-box-column-last content-box-column-last-in-row\"><div class=\"col content-box-wrapper content-wrapper link-area-link-icon content-icon-wrapper-yes icon-hover-animation-fade\" data-animationOffset=\"top-into-view\"><div class=\"heading icon-left\"><h2 class=\"content-box-heading fusion-responsive-typography-calculated\" style=\"--h2_typography-font-size:36px;--fontSize:36;line-height:var(--awb-typography1-line-height);\">Bolsas de pl\u00e1stico<\/h2><\/div><div class=\"fusion-clearfix\"><\/div><div class=\"content-container\">\n<p>Las bolsas de PE reutilizables y reciclables seg\u00fan los criterios de la econom\u00eda circular pueden fabricarse con polietileno de baja densidad (LDPE) o de alta densidad (HDPE). Est\u00e1n disponibles en varios formatos, espesores y colores, con asa r\u00edgida y aplicaci\u00f3n manual, con asa flexible blanda (umbral de espesor de 100 my si est\u00e1n destinadas a uso no alimentario) o con asa moldeada con troquelado en forma de alubia (umbral de espesor de 60 my si est\u00e1n destinadas a uso no alimentario, espesor de 100 my si son para uso alimentario) conformes a la normativa 213\/2017.<\/p>\n<\/div><\/div><\/div><div class=\"fusion-clearfix\"><\/div><\/div><div class=\"fusion-slider-sc\"><div class=\"fusion-flexslider-loading flexslider flexslider-hover-type-none\" data-slideshow_autoplay=\"1\" data-slideshow_smooth_height=\"0\" data-slideshow_speed=\"3000\" style=\"max-width:100%;height:100%;\"><ul class=\"slides\"><li class=\"image\"><span class=\"fusion-image-hover-element hover-type-none\"><img decoding=\"async\" src=\"https:\/\/matteiplast.it\/wp-content\/uploads\/2025\/12\/Matteiplast-shopper-in-plastica-06.jpg\" width=\"750\" height=\"504\" class=\"wp-image-637\" srcset=\"https:\/\/matteiplast.it\/wp-content\/uploads\/2025\/12\/Matteiplast-shopper-in-plastica-06-200x134.jpg 200w, https:\/\/matteiplast.it\/wp-content\/uploads\/2025\/12\/Matteiplast-shopper-in-plastica-06-400x269.jpg 400w, https:\/\/matteiplast.it\/wp-content\/uploads\/2025\/12\/Matteiplast-shopper-in-plastica-06-600x403.jpg 600w, https:\/\/matteiplast.it\/wp-content\/uploads\/2025\/12\/Matteiplast-shopper-in-plastica-06.jpg 750w\" sizes=\"(max-width: 640px) 100vw, 750px\" \/><\/span><\/li><li class=\"image\"><span class=\"fusion-image-hover-element hover-type-none\"><img decoding=\"async\" src=\"https:\/\/matteiplast.it\/wp-content\/uploads\/2025\/06\/Matteiplast-shopper-in-plastica-01.jpg\" width=\"750\" height=\"504\" class=\"wp-image-363\" srcset=\"https:\/\/matteiplast.it\/wp-content\/uploads\/2025\/06\/Matteiplast-shopper-in-plastica-01-200x134.jpg 200w, https:\/\/matteiplast.it\/wp-content\/uploads\/2025\/06\/Matteiplast-shopper-in-plastica-01-400x269.jpg 400w, https:\/\/matteiplast.it\/wp-content\/uploads\/2025\/06\/Matteiplast-shopper-in-plastica-01-600x403.jpg 600w, https:\/\/matteiplast.it\/wp-content\/uploads\/2025\/06\/Matteiplast-shopper-in-plastica-01.jpg 750w\" sizes=\"(max-width: 640px) 100vw, 750px\" \/><\/span><\/li><li class=\"image\"><span class=\"fusion-image-hover-element hover-type-none\"><img decoding=\"async\" src=\"https:\/\/matteiplast.it\/wp-content\/uploads\/2025\/06\/Matteiplast-shopper-in-plastica-02.jpg\" width=\"750\" height=\"504\" class=\"wp-image-365\" srcset=\"https:\/\/matteiplast.it\/wp-content\/uploads\/2025\/06\/Matteiplast-shopper-in-plastica-02-200x134.jpg 200w, https:\/\/matteiplast.it\/wp-content\/uploads\/2025\/06\/Matteiplast-shopper-in-plastica-02-400x269.jpg 400w, https:\/\/matteiplast.it\/wp-content\/uploads\/2025\/06\/Matteiplast-shopper-in-plastica-02-600x403.jpg 600w, https:\/\/matteiplast.it\/wp-content\/uploads\/2025\/06\/Matteiplast-shopper-in-plastica-02.jpg 750w\" sizes=\"(max-width: 640px) 100vw, 750px\" \/><\/span><\/li><li class=\"image\"><span class=\"fusion-image-hover-element hover-type-none\"><img decoding=\"async\" src=\"https:\/\/matteiplast.it\/wp-content\/uploads\/2025\/06\/Matteiplast-shopper-in-plastica-04.jpg\" width=\"750\" height=\"504\" class=\"wp-image-366\" srcset=\"https:\/\/matteiplast.it\/wp-content\/uploads\/2025\/06\/Matteiplast-shopper-in-plastica-04-200x134.jpg 200w, https:\/\/matteiplast.it\/wp-content\/uploads\/2025\/06\/Matteiplast-shopper-in-plastica-04-400x269.jpg 400w, https:\/\/matteiplast.it\/wp-content\/uploads\/2025\/06\/Matteiplast-shopper-in-plastica-04-600x403.jpg 600w, https:\/\/matteiplast.it\/wp-content\/uploads\/2025\/06\/Matteiplast-shopper-in-plastica-04.jpg 750w\" sizes=\"(max-width: 640px) 100vw, 750px\" \/><\/span><\/li><\/ul><\/div><\/div><\/div><\/div><div class=\"fusion-layout-column fusion_builder_column fusion-builder-column-2 fusion_builder_column_1_2 1_2 fusion-flex-column fusion-flex-align-self-center\" style=\"--awb-padding-top:20px;--awb-padding-right:20px;--awb-padding-bottom:20px;--awb-padding-left:20px;--awb-bg-color:var(--awb-color1);--awb-bg-color-hover:var(--awb-color1);--awb-bg-size:cover;--awb-width-large:50%;--awb-margin-top-large:0px;--awb-spacing-right-large:3.84%;--awb-margin-bottom-large:20px;--awb-spacing-left-large:3.84%;--awb-width-medium:50%;--awb-order-medium:0;--awb-spacing-right-medium:3.84%;--awb-spacing-left-medium:3.84%;--awb-width-small:100%;--awb-order-small:0;--awb-spacing-right-small:1.92%;--awb-spacing-left-small:1.92%;\"><div class=\"fusion-column-wrapper fusion-column-has-shadow fusion-flex-justify-content-flex-start fusion-content-layout-column\"><div class=\"fusion-content-boxes content-boxes columns row fusion-columns-1 fusion-columns-total-1 fusion-content-boxes-3 content-boxes-icon-with-title content-left\" style=\"--awb-margin-bottom:0px;--awb-hover-accent-color:var(--awb-color4);--awb-circle-hover-accent-color:var(--awb-color4);--awb-item-margin-bottom:40px;\" data-animationOffset=\"top-into-view\"><div style=\"--awb-backgroundcolor:rgba(255,255,255,0);\" class=\"fusion-column content-box-column content-box-column content-box-column-1 col-lg-12 col-md-12 col-sm-12 fusion-content-box-hover content-box-column-last content-box-column-last-in-row\"><div class=\"col content-box-wrapper content-wrapper link-area-link-icon content-icon-wrapper-yes icon-hover-animation-fade\" data-animationOffset=\"top-into-view\"><div class=\"heading icon-left\"><h2 class=\"content-box-heading fusion-responsive-typography-calculated\" style=\"--h2_typography-font-size:36px;--fontSize:36;line-height:var(--awb-typography1-line-height);\">Bolsas biodegradables y compostables<\/h2><\/div><div class=\"fusion-clearfix\"><\/div><div class=\"content-container\">\n<p>En material ecosostenible, las bolsas biodegradables o compostables se fabrican a partir de material conforme a la <strong>Normativa UNI EN 13432:2002<\/strong>, pueden eliminarse en la recogida de residuos org\u00e1nicos. Est\u00e1n disponibles en varios colores, formatos y espesores y es posible personalizarlas.<\/p>\n<\/div><\/div><\/div><div class=\"fusion-clearfix\"><\/div><\/div><div class=\"fusion-slider-sc\"><div class=\"fusion-flexslider-loading flexslider flexslider-hover-type-none\" data-slideshow_autoplay=\"1\" data-slideshow_smooth_height=\"0\" data-slideshow_speed=\"7000\" style=\"max-width:100%;height:100%;\"><ul class=\"slides\"><li class=\"image\"><span class=\"fusion-image-hover-element hover-type-none\"><img decoding=\"async\" src=\"https:\/\/matteiplast.it\/wp-content\/uploads\/2025\/06\/Matteiplast-shopper-compostabili-e-biodegradabili.jpg\" width=\"750\" height=\"504\" class=\"wp-image-370\" srcset=\"https:\/\/matteiplast.it\/wp-content\/uploads\/2025\/06\/Matteiplast-shopper-compostabili-e-biodegradabili-200x134.jpg 200w, https:\/\/matteiplast.it\/wp-content\/uploads\/2025\/06\/Matteiplast-shopper-compostabili-e-biodegradabili-400x269.jpg 400w, https:\/\/matteiplast.it\/wp-content\/uploads\/2025\/06\/Matteiplast-shopper-compostabili-e-biodegradabili-600x403.jpg 600w, https:\/\/matteiplast.it\/wp-content\/uploads\/2025\/06\/Matteiplast-shopper-compostabili-e-biodegradabili.jpg 750w\" sizes=\"(max-width: 640px) 100vw, 750px\" \/><\/span><\/li><\/ul><\/div><\/div><\/div><\/div><div class=\"fusion-layout-column fusion_builder_column fusion-builder-column-3 fusion_builder_column_1_2 1_2 fusion-flex-column fusion-flex-align-self-stretch\" style=\"--awb-padding-top:20px;--awb-padding-right:20px;--awb-padding-bottom:20px;--awb-padding-left:20px;--awb-bg-color:var(--awb-color1);--awb-bg-color-hover:var(--awb-color1);--awb-bg-size:cover;--awb-width-large:50%;--awb-margin-top-large:0px;--awb-spacing-right-large:3.84%;--awb-margin-bottom-large:20px;--awb-spacing-left-large:3.84%;--awb-width-medium:50%;--awb-order-medium:0;--awb-spacing-right-medium:3.84%;--awb-spacing-left-medium:3.84%;--awb-width-small:100%;--awb-order-small:0;--awb-spacing-right-small:1.92%;--awb-spacing-left-small:1.92%;\"><div class=\"fusion-column-wrapper fusion-column-has-shadow fusion-flex-justify-content-space-between fusion-content-layout-column\"><div class=\"fusion-content-boxes content-boxes columns row fusion-columns-1 fusion-columns-total-1 fusion-content-boxes-4 content-boxes-icon-with-title content-left\" style=\"--awb-margin-bottom:0px;--awb-hover-accent-color:var(--awb-color4);--awb-circle-hover-accent-color:var(--awb-color4);--awb-item-margin-bottom:40px;\" data-animationOffset=\"top-into-view\"><div style=\"--awb-backgroundcolor:rgba(255,255,255,0);\" class=\"fusion-column content-box-column content-box-column content-box-column-1 col-lg-12 col-md-12 col-sm-12 fusion-content-box-hover content-box-column-last content-box-column-last-in-row\"><div class=\"col content-box-wrapper content-wrapper link-area-link-icon content-icon-wrapper-yes icon-hover-animation-fade\" data-animationOffset=\"top-into-view\"><div class=\"heading icon-left\"><h2 class=\"content-box-heading fusion-responsive-typography-calculated\" style=\"--h2_typography-font-size:36px;--fontSize:36;line-height:var(--awb-typography1-line-height);\">Bolsas de algod\u00f3n y tela<\/h2><\/div><div class=\"fusion-clearfix\"><\/div><div class=\"content-container\">\n<p>En tela o algod\u00f3n reciclado, las bolsas tienen las costuras reforzadas con impresi\u00f3n en serigraf\u00eda o transferencia t\u00e9rmica. Son personalizables seg\u00fan las solicitudes del cliente.<\/p>\n<\/div><\/div><\/div><div class=\"fusion-clearfix\"><\/div><\/div><div class=\"fusion-slider-sc\"><div class=\"fusion-flexslider-loading flexslider flexslider-hover-type-none\" data-slideshow_autoplay=\"1\" data-slideshow_smooth_height=\"0\" data-slideshow_speed=\"3000\" style=\"max-width:100%;height:100%;\"><ul class=\"slides\"><li class=\"image\"><span class=\"fusion-image-hover-element hover-type-none\"><img decoding=\"async\" src=\"https:\/\/matteiplast.it\/wp-content\/uploads\/2025\/06\/Matteiplast-shopper-in-tessuto-02.jpg\" width=\"750\" height=\"504\" class=\"wp-image-368\" srcset=\"https:\/\/matteiplast.it\/wp-content\/uploads\/2025\/06\/Matteiplast-shopper-in-tessuto-02-200x134.jpg 200w, https:\/\/matteiplast.it\/wp-content\/uploads\/2025\/06\/Matteiplast-shopper-in-tessuto-02-400x269.jpg 400w, https:\/\/matteiplast.it\/wp-content\/uploads\/2025\/06\/Matteiplast-shopper-in-tessuto-02-600x403.jpg 600w, https:\/\/matteiplast.it\/wp-content\/uploads\/2025\/06\/Matteiplast-shopper-in-tessuto-02.jpg 750w\" sizes=\"(max-width: 640px) 100vw, 750px\" \/><\/span><\/li><li class=\"image\"><span class=\"fusion-image-hover-element hover-type-none\"><img decoding=\"async\" src=\"https:\/\/matteiplast.it\/wp-content\/uploads\/2025\/06\/Matteiplast-shopper-in-tessuto-01.jpg\" width=\"750\" height=\"504\" class=\"wp-image-369\" srcset=\"https:\/\/matteiplast.it\/wp-content\/uploads\/2025\/06\/Matteiplast-shopper-in-tessuto-01-200x134.jpg 200w, https:\/\/matteiplast.it\/wp-content\/uploads\/2025\/06\/Matteiplast-shopper-in-tessuto-01-400x269.jpg 400w, https:\/\/matteiplast.it\/wp-content\/uploads\/2025\/06\/Matteiplast-shopper-in-tessuto-01-600x403.jpg 600w, https:\/\/matteiplast.it\/wp-content\/uploads\/2025\/06\/Matteiplast-shopper-in-tessuto-01.jpg 750w\" sizes=\"(max-width: 640px) 100vw, 750px\" \/><\/span><\/li><\/ul><\/div><\/div><\/div><\/div><div class=\"fusion-layout-column fusion_builder_column fusion-builder-column-4 fusion_builder_column_1_1 1_1 fusion-flex-column\" style=\"--awb-bg-size:cover;--awb-width-large:100%;--awb-margin-top-large:36px;--awb-spacing-right-large:1.92%;--awb-margin-bottom-large:38px;--awb-spacing-left-large:1.92%;--awb-width-medium:100%;--awb-order-medium:0;--awb-spacing-right-medium:1.92%;--awb-spacing-left-medium:1.92%;--awb-width-small:100%;--awb-order-small:0;--awb-spacing-right-small:1.92%;--awb-spacing-left-small:1.92%;\"><div class=\"fusion-column-wrapper fusion-column-has-shadow fusion-flex-justify-content-flex-start fusion-content-layout-column\"><div style=\"text-align:center;\"><a class=\"fusion-button button-flat fusion-button-default-size button-default fusion-button-default button-1 fusion-button-default-span fusion-button-default-type\" style=\"--button-border-radius-top-left:10px;--button-border-radius-bottom-right:10px;\" target=\"_self\" href=\"https:\/\/matteiplast.it\/contatti\/\"><span class=\"fusion-button-text awb-button__text awb-button__text--default\">Solicite un presupuesto<\/span><\/a><\/div><\/div><\/div><\/div><\/div>\n","protected":false},"excerpt":{"rendered":"","protected":false},"author":1,"featured_media":965,"parent":0,"menu_order":0,"comment_status":"closed","ping_status":"closed","template":"100-width.php","meta":{"footnotes":""},"class_list":["post-964","page","type-page","status-publish","has-post-thumbnail","hentry"],"_links":{"self":[{"href":"https:\/\/matteiplast.it\/es\/wp-json\/wp\/v2\/pages\/964","targetHints":{"allow":["GET"]}}],"collection":[{"href":"https:\/\/matteiplast.it\/es\/wp-json\/wp\/v2\/pages"}],"about":[{"href":"https:\/\/matteiplast.it\/es\/wp-json\/wp\/v2\/types\/page"}],"author":[{"embeddable":true,"href":"https:\/\/matteiplast.it\/es\/wp-json\/wp\/v2\/users\/1"}],"replies":[{"embeddable":true,"href":"https:\/\/matteiplast.it\/es\/wp-json\/wp\/v2\/comments?post=964"}],"version-history":[{"count":1,"href":"https:\/\/matteiplast.it\/es\/wp-json\/wp\/v2\/pages\/964\/revisions"}],"predecessor-version":[{"id":979,"href":"https:\/\/matteiplast.it\/es\/wp-json\/wp\/v2\/pages\/964\/revisions\/979"}],"wp:featuredmedia":[{"embeddable":true,"href":"https:\/\/matteiplast.it\/es\/wp-json\/wp\/v2\/media\/965"}],"wp:attachment":[{"href":"https:\/\/matteiplast.it\/es\/wp-json\/wp\/v2\/media?parent=964"}],"curies":[{"name":"wp","href":"https:\/\/api.w.org\/{rel}","templated":true}]}}